{"id":1458,"date":"2019-10-10T18:39:47","date_gmt":"2019-10-10T18:39:47","guid":{"rendered":"https:\/\/mountivity.com\/?page_id=1458"},"modified":"2022-01-31T14:27:06","modified_gmt":"2022-01-31T14:27:06","slug":"canyoning","status":"publish","type":"page","link":"https:\/\/mountivity.com\/de\/activiteiten\/canyoning\/","title":{"rendered":"Canyoning"},"content":{"rendered":"<p><div class=\"fusion-fullwidth fullwidth-box fusion-builder-row-1 nonhundred-percent-fullwidth non-hundred-percent-height-scrolling\" style=\"--awb-border-radius-top-left:0px;--awb-border-radius-top-right:0px;--awb-border-radius-bottom-right:0px;--awb-border-radius-bottom-left:0px;--awb-flex-wrap:wrap;\" ><div class=\"fusion-builder-row fusion-row\"><div class=\"fusion-layout-column fusion_builder_column fusion-builder-column-0 fusion_builder_column_1_1 1_1 fusion-one-full fusion-column-first fusion-column-last\" style=\"--awb-bg-size:cover;\"><div class=\"fusion-column-wrapper fusion-flex-column-wrapper-legacy\"><div class=\"fusion-text fusion-text-1\"><h1 style=\"text-align: center;\">\u00a0Canyoning<\/h1>\n<\/div><div class=\"fusion-clearfix\"><\/div><\/div><\/div><\/div><\/div><div class=\"fusion-fullwidth fullwidth-box fusion-builder-row-2 nonhundred-percent-fullwidth non-hundred-percent-height-scrolling\" style=\"--awb-border-radius-top-left:0px;--awb-border-radius-top-right:0px;--awb-border-radius-bottom-right:0px;--awb-border-radius-bottom-left:0px;--awb-flex-wrap:wrap;\" ><div class=\"fusion-builder-row fusion-row\"><div class=\"fusion-layout-column fusion_builder_column fusion-builder-column-1 fusion_builder_column_1_1 1_1 fusion-one-full fusion-column-first fusion-column-last\" style=\"--awb-bg-size:cover;\"><div class=\"fusion-column-wrapper fusion-flex-column-wrapper-legacy\"><div class=\"fusion-text fusion-text-2\"><p style=\"text-align: center;\">Cayoning ist eine wundervolle Kombination von verschiedenen Bergsportarten, die ein Bisschen spielerisch ist. Sie fahren einen Bergfluss hinunter mit Hilfe eines Seiles, wandeln, mit Sprungen, gleitend und manchmal schwimmend.\u00a0 Sie entdecken wie das Wasser sich durch Felsen den Weg freimacht und Sie genie\u03b2en beeindruckende Skulpturen und wunderbare Quellen.\u00a0 Sie entdecken Pl\u00e4tze die Sie sonst nie erreichen w\u00fcrden.\u00a0 Genie\u03b2en Sie dieses intensive Naturerlebnis.<\/p>\n<p style=\"text-align: center;\">\u00a0M\u00f6gen Sie gerne Wasser, Herausforderungen und machen Sie gerne Spa\u03b2? Dann w\u00e4hlen wir zusammen den idealen Naturfreizeitpark! Sie k\u00f6nnen einen Canyoningausflug planen f\u00fcr einen halben Tag, einen drei Vierteltag oder einen ganzen Tag.<\/p>\n<\/div><div class=\"fusion-sep-clear\"><\/div><div class=\"fusion-separator fusion-full-width-sep\" style=\"margin-left: auto;margin-right: auto;margin-top:20px;width:100%;\"><\/div><div class=\"fusion-sep-clear\"><\/div><div class=\"fusion-aligncenter\"><a class=\"fusion-button button-flat fusion-button-default-size button-default fusion-button-default button-1 fusion-button-default-span fusion-button-default-type\" target=\"_self\" href=\"http:\/\/mountivity.com\/de\/activiteiten\/\"><span class=\"fusion-button-text\">Zu allen Aktivit\u00e4ten<\/span><\/a><\/div><div class=\"fusion-sep-clear\"><\/div><div class=\"fusion-separator fusion-full-width-sep\" style=\"margin-left: auto;margin-right: auto;margin-top:20px;width:100%;\"><\/div><div class=\"fusion-sep-clear\"><\/div><div class=\"fusion-clearfix\"><\/div><\/div><\/div><\/div><\/div><div class=\"fusion-fullwidth fullwidth-box fusion-builder-row-3 nonhundred-percent-fullwidth non-hundred-percent-height-scrolling\" style=\"--awb-border-radius-top-left:0px;--awb-border-radius-top-right:0px;--awb-border-radius-bottom-right:0px;--awb-border-radius-bottom-left:0px;--awb-flex-wrap:wrap;\" ><div class=\"fusion-builder-row fusion-row\"><div class=\"fusion-layout-column fusion_builder_column fusion-builder-column-2 fusion_builder_column_1_1 1_1 fusion-one-full fusion-column-first fusion-column-last\" style=\"--awb-bg-size:cover;\"><div class=\"fusion-column-wrapper fusion-flex-column-wrapper-legacy\"><div class=\"awb-gallery-wrapper awb-gallery-wrapper-1 button-span-no\"><div style=\"margin:-5px;--awb-bordersize:0px;\" class=\"fusion-gallery fusion-gallery-container fusion-grid-3 fusion-columns-total-15 fusion-gallery-layout-grid fusion-gallery-1\"><div style=\"padding:5px;\" class=\"fusion-grid-column fusion-gallery-column fusion-gallery-column-3 hover-type-zoomin\"><div class=\"fusion-gallery-image\"><img decoding=\"async\" src=\"https:\/\/mountivity.com\/wp-content\/uploads\/2019\/02\/P7040528.jpg\" width=\"500\" height=\"667\" alt=\"\" title=\"mountivity Les Acles\" aria-label=\"mountivity Les Acles\" class=\"img-responsive wp-image-328\" srcset=\"https:\/\/mountivity.com\/wp-content\/uploads\/2019\/02\/P7040528-200x267.jpg 200w, https:\/\/mountivity.com\/wp-content\/uploads\/2019\/02\/P7040528-400x534.jpg 400w, https:\/\/mountivity.com\/wp-content\/uploads\/2019\/02\/P7040528.jpg 500w\" sizes=\"(min-width: 2200px) 100vw, (min-width: 784px) 363px, (min-width: 712px) 545px, (min-width: 640px) 712px, \" \/><\/div><\/div><div style=\"padding:5px;\" class=\"fusion-grid-column fusion-gallery-column fusion-gallery-column-3 hover-type-zoomin\"><div class=\"fusion-gallery-image\"><img decoding=\"async\" src=\"https:\/\/mountivity.com\/wp-content\/uploads\/2019\/02\/P7040499.jpg\" width=\"500\" height=\"667\" alt=\"\" title=\"mountivity\" aria-label=\"mountivity\" class=\"img-responsive wp-image-329\" srcset=\"https:\/\/mountivity.com\/wp-content\/uploads\/2019\/02\/P7040499-200x267.jpg 200w, https:\/\/mountivity.com\/wp-content\/uploads\/2019\/02\/P7040499-400x534.jpg 400w, https:\/\/mountivity.com\/wp-content\/uploads\/2019\/02\/P7040499.jpg 500w\" sizes=\"(min-width: 2200px) 100vw, (min-width: 784px) 363px, (min-width: 712px) 545px, (min-width: 640px) 712px, \" \/><\/div><\/div><div style=\"padding:5px;\" class=\"fusion-grid-column fusion-gallery-column fusion-gallery-column-3 hover-type-zoomin\"><div class=\"fusion-gallery-image\"><img decoding=\"async\" src=\"https:\/\/mountivity.com\/wp-content\/uploads\/2019\/02\/P7290629.jpg\" width=\"500\" height=\"375\" alt=\"\" title=\"mountivity\" aria-label=\"mountivity\" class=\"img-responsive wp-image-330\" srcset=\"https:\/\/mountivity.com\/wp-content\/uploads\/2019\/02\/P7290629-200x150.jpg 200w, https:\/\/mountivity.com\/wp-content\/uploads\/2019\/02\/P7290629-400x300.jpg 400w, https:\/\/mountivity.com\/wp-content\/uploads\/2019\/02\/P7290629.jpg 500w\" sizes=\"(min-width: 2200px) 100vw, (min-width: 784px) 363px, (min-width: 712px) 545px, (min-width: 640px) 712px, \" \/><\/div><\/div><div class=\"clearfix\"><\/div><div style=\"padding:5px;\" class=\"fusion-grid-column fusion-gallery-column fusion-gallery-column-3 hover-type-zoomin\"><div class=\"fusion-gallery-image\"><img decoding=\"async\" src=\"https:\/\/mountivity.com\/wp-content\/uploads\/2019\/02\/P7060499.jpg\" width=\"500\" height=\"667\" alt=\"\" title=\"mountivity B\u00e9al Noir\" aria-label=\"mountivity B\u00e9al Noir\" class=\"img-responsive wp-image-332\" srcset=\"https:\/\/mountivity.com\/wp-content\/uploads\/2019\/02\/P7060499-200x267.jpg 200w, https:\/\/mountivity.com\/wp-content\/uploads\/2019\/02\/P7060499-400x534.jpg 400w, https:\/\/mountivity.com\/wp-content\/uploads\/2019\/02\/P7060499.jpg 500w\" sizes=\"(min-width: 2200px) 100vw, (min-width: 784px) 363px, (min-width: 712px) 545px, (min-width: 640px) 712px, \" \/><\/div><\/div><div style=\"padding:5px;\" class=\"fusion-grid-column fusion-gallery-column fusion-gallery-column-3 hover-type-zoomin\"><div class=\"fusion-gallery-image\"><img decoding=\"async\" src=\"https:\/\/mountivity.com\/wp-content\/uploads\/2019\/02\/P7290662.jpg\" width=\"500\" height=\"667\" alt=\"\" title=\"Mountivity\" aria-label=\"Mountivity\" class=\"img-responsive wp-image-333\" srcset=\"https:\/\/mountivity.com\/wp-content\/uploads\/2019\/02\/P7290662-200x267.jpg 200w, https:\/\/mountivity.com\/wp-content\/uploads\/2019\/02\/P7290662-400x534.jpg 400w, https:\/\/mountivity.com\/wp-content\/uploads\/2019\/02\/P7290662.jpg 500w\" sizes=\"(min-width: 2200px) 100vw, (min-width: 784px) 363px, (min-width: 712px) 545px, (min-width: 640px) 712px, \" \/><\/div><\/div><div style=\"padding:5px;\" class=\"fusion-grid-column fusion-gallery-column fusion-gallery-column-3 hover-type-zoomin\"><div class=\"fusion-gallery-image\"><img decoding=\"async\" src=\"https:\/\/mountivity.com\/wp-content\/uploads\/2019\/02\/P7060491.jpg\" width=\"500\" height=\"667\" alt=\"\" title=\"Mountivity\" aria-label=\"Mountivity\" class=\"img-responsive wp-image-334\" srcset=\"https:\/\/mountivity.com\/wp-content\/uploads\/2019\/02\/P7060491-200x267.jpg 200w, https:\/\/mountivity.com\/wp-content\/uploads\/2019\/02\/P7060491-400x534.jpg 400w, https:\/\/mountivity.com\/wp-content\/uploads\/2019\/02\/P7060491.jpg 500w\" sizes=\"(min-width: 2200px) 100vw, (min-width: 784px) 363px, (min-width: 712px) 545px, (min-width: 640px) 712px, \" \/><\/div><\/div><div class=\"clearfix\"><\/div><div style=\"padding:5px;\" class=\"fusion-grid-column fusion-gallery-column fusion-gallery-column-3 hover-type-zoomin\"><div class=\"fusion-gallery-image\"><img decoding=\"async\" src=\"https:\/\/mountivity.com\/wp-content\/uploads\/2019\/02\/canyoning-4.jpg\" width=\"500\" height=\"667\" alt=\"\" title=\"canyoning 4\" aria-label=\"canyoning 4\" class=\"img-responsive wp-image-335\" srcset=\"https:\/\/mountivity.com\/wp-content\/uploads\/2019\/02\/canyoning-4-200x267.jpg 200w, https:\/\/mountivity.com\/wp-content\/uploads\/2019\/02\/canyoning-4-400x534.jpg 400w, https:\/\/mountivity.com\/wp-content\/uploads\/2019\/02\/canyoning-4.jpg 500w\" sizes=\"(min-width: 2200px) 100vw, (min-width: 784px) 363px, (min-width: 712px) 545px, (min-width: 640px) 712px, \" \/><\/div><\/div><div style=\"padding:5px;\" class=\"fusion-grid-column fusion-gallery-column fusion-gallery-column-3 hover-type-zoomin\"><div class=\"fusion-gallery-image\"><img decoding=\"async\" src=\"https:\/\/mountivity.com\/wp-content\/uploads\/2019\/02\/canyoning-3.jpg\" width=\"500\" height=\"375\" alt=\"\" title=\"canyoning 3\" aria-label=\"canyoning 3\" class=\"img-responsive wp-image-337\" srcset=\"https:\/\/mountivity.com\/wp-content\/uploads\/2019\/02\/canyoning-3-200x150.jpg 200w, https:\/\/mountivity.com\/wp-content\/uploads\/2019\/02\/canyoning-3-400x300.jpg 400w, https:\/\/mountivity.com\/wp-content\/uploads\/2019\/02\/canyoning-3.jpg 500w\" sizes=\"(min-width: 2200px) 100vw, (min-width: 784px) 363px, (min-width: 712px) 545px, (min-width: 640px) 712px, \" \/><\/div><\/div><div style=\"padding:5px;\" class=\"fusion-grid-column fusion-gallery-column fusion-gallery-column-3 hover-type-zoomin\"><div class=\"fusion-gallery-image\"><img decoding=\"async\" src=\"https:\/\/mountivity.com\/wp-content\/uploads\/2019\/02\/canyoning-2.jpg\" width=\"500\" height=\"667\" alt=\"\" title=\"canyoning 2\" aria-label=\"canyoning 2\" class=\"img-responsive wp-image-338\" srcset=\"https:\/\/mountivity.com\/wp-content\/uploads\/2019\/02\/canyoning-2-200x267.jpg 200w, https:\/\/mountivity.com\/wp-content\/uploads\/2019\/02\/canyoning-2-400x534.jpg 400w, https:\/\/mountivity.com\/wp-content\/uploads\/2019\/02\/canyoning-2.jpg 500w\" sizes=\"(min-width: 2200px) 100vw, (min-width: 784px) 363px, (min-width: 712px) 545px, (min-width: 640px) 712px, \" \/><\/div><\/div><div class=\"clearfix\"><\/div><div style=\"padding:5px;\" class=\"fusion-grid-column fusion-gallery-column fusion-gallery-column-3 hover-type-zoomin\"><div class=\"fusion-gallery-image\"><img decoding=\"async\" src=\"https:\/\/mountivity.com\/wp-content\/uploads\/2019\/02\/DSCF1762.jpg\" width=\"500\" height=\"667\" alt=\"\" title=\"Mountivity\" aria-label=\"Mountivity\" class=\"img-responsive wp-image-339\" srcset=\"https:\/\/mountivity.com\/wp-content\/uploads\/2019\/02\/DSCF1762-200x267.jpg 200w, https:\/\/mountivity.com\/wp-content\/uploads\/2019\/02\/DSCF1762-400x534.jpg 400w, https:\/\/mountivity.com\/wp-content\/uploads\/2019\/02\/DSCF1762.jpg 500w\" sizes=\"(min-width: 2200px) 100vw, (min-width: 784px) 363px, (min-width: 712px) 545px, (min-width: 640px) 712px, \" \/><\/div><\/div><div style=\"padding:5px;\" class=\"fusion-grid-column fusion-gallery-column fusion-gallery-column-3 hover-type-zoomin\"><div class=\"fusion-gallery-image\"><img decoding=\"async\" src=\"https:\/\/mountivity.com\/wp-content\/uploads\/2019\/02\/P7040537.jpg\" width=\"500\" height=\"667\" alt=\"\" title=\"Mountivity\" aria-label=\"Mountivity\" class=\"img-responsive wp-image-340\" srcset=\"https:\/\/mountivity.com\/wp-content\/uploads\/2019\/02\/P7040537-200x267.jpg 200w, https:\/\/mountivity.com\/wp-content\/uploads\/2019\/02\/P7040537-400x534.jpg 400w, https:\/\/mountivity.com\/wp-content\/uploads\/2019\/02\/P7040537.jpg 500w\" sizes=\"(min-width: 2200px) 100vw, (min-width: 784px) 363px, (min-width: 712px) 545px, (min-width: 640px) 712px, \" \/><\/div><\/div><div style=\"padding:5px;\" class=\"fusion-grid-column fusion-gallery-column fusion-gallery-column-3 hover-type-zoomin\"><div class=\"fusion-gallery-image\"><img decoding=\"async\" src=\"https:\/\/mountivity.com\/wp-content\/uploads\/2019\/02\/P7040494.jpg\" width=\"500\" height=\"667\" alt=\"\" title=\"Mountivity\" aria-label=\"Mountivity\" class=\"img-responsive wp-image-341\" srcset=\"https:\/\/mountivity.com\/wp-content\/uploads\/2019\/02\/P7040494-200x267.jpg 200w, https:\/\/mountivity.com\/wp-content\/uploads\/2019\/02\/P7040494-400x534.jpg 400w, https:\/\/mountivity.com\/wp-content\/uploads\/2019\/02\/P7040494.jpg 500w\" sizes=\"(min-width: 2200px) 100vw, (min-width: 784px) 363px, (min-width: 712px) 545px, (min-width: 640px) 712px, \" \/><\/div><\/div><div class=\"clearfix\"><\/div><div style=\"padding:5px;\" class=\"fusion-grid-column fusion-gallery-column fusion-gallery-column-3 hover-type-zoomin\"><div class=\"fusion-gallery-image\"><img decoding=\"async\" src=\"https:\/\/mountivity.com\/wp-content\/uploads\/2019\/02\/P7040447.jpg\" width=\"500\" height=\"667\" alt=\"\" title=\"Mountivity\" aria-label=\"Mountivity\" class=\"img-responsive wp-image-342\" srcset=\"https:\/\/mountivity.com\/wp-content\/uploads\/2019\/02\/P7040447-200x267.jpg 200w, https:\/\/mountivity.com\/wp-content\/uploads\/2019\/02\/P7040447-400x534.jpg 400w, https:\/\/mountivity.com\/wp-content\/uploads\/2019\/02\/P7040447.jpg 500w\" sizes=\"(min-width: 2200px) 100vw, (min-width: 784px) 363px, (min-width: 712px) 545px, (min-width: 640px) 712px, \" \/><\/div><\/div><div style=\"padding:5px;\" class=\"fusion-grid-column fusion-gallery-column fusion-gallery-column-3 hover-type-zoomin\"><div class=\"fusion-gallery-image\"><img decoding=\"async\" src=\"https:\/\/mountivity.com\/wp-content\/uploads\/2019\/02\/P7040452.jpg\" width=\"500\" height=\"667\" alt=\"\" title=\"Mountivity\" aria-label=\"Mountivity\" class=\"img-responsive wp-image-343\" srcset=\"https:\/\/mountivity.com\/wp-content\/uploads\/2019\/02\/P7040452-200x267.jpg 200w, https:\/\/mountivity.com\/wp-content\/uploads\/2019\/02\/P7040452-400x534.jpg 400w, https:\/\/mountivity.com\/wp-content\/uploads\/2019\/02\/P7040452.jpg 500w\" sizes=\"(min-width: 2200px) 100vw, (min-width: 784px) 363px, (min-width: 712px) 545px, (min-width: 640px) 712px, \" \/><\/div><\/div><div style=\"padding:5px;\" class=\"fusion-grid-column fusion-gallery-column fusion-gallery-column-3 hover-type-zoomin\"><div class=\"fusion-gallery-image\"><img decoding=\"async\" src=\"https:\/\/mountivity.com\/wp-content\/uploads\/2019\/02\/zomer2005deel1-045.jpg\" width=\"500\" height=\"667\" alt=\"\" title=\"Mountivity\" aria-label=\"Mountivity\" class=\"img-responsive wp-image-346\" srcset=\"https:\/\/mountivity.com\/wp-content\/uploads\/2019\/02\/zomer2005deel1-045-200x267.jpg 200w, https:\/\/mountivity.com\/wp-content\/uploads\/2019\/02\/zomer2005deel1-045-400x534.jpg 400w, https:\/\/mountivity.com\/wp-content\/uploads\/2019\/02\/zomer2005deel1-045.jpg 500w\" sizes=\"(min-width: 2200px) 100vw, (min-width: 784px) 363px, (min-width: 712px) 545px, (min-width: 640px) 712px, \" \/><\/div><\/div><div class=\"clearfix\"><\/div><\/div><\/div><div class=\"fusion-clearfix\"><\/div><\/div><\/div><\/div><\/div><\/p>\n","protected":false},"excerpt":{"rendered":"","protected":false},"author":4,"featured_media":0,"parent":1452,"menu_order":0,"comment_status":"closed","ping_status":"closed","template":"","meta":{"_acf_changed":false,"footnotes":""},"class_list":["post-1458","page","type-page","status-publish","hentry"],"acf":[],"yoast_head":"<!-- This site is optimized with the Yoast SEO plugin v25.5 - https:\/\/yoast.com\/wordpress\/plugins\/seo\/ -->\n<title>Canyoning - Mountivity<\/title>\n<meta name=\"robots\" content=\"index, follow, max-snippet:-1, max-image-preview:large, max-video-preview:-1\" \/>\n<link rel=\"canonical\" href=\"https:\/\/mountivity.com\/de\/activiteiten\/canyoning\/\" \/>\n<meta property=\"og:locale\" content=\"de_DE\" \/>\n<meta property=\"og:type\" content=\"article\" \/>\n<meta property=\"og:title\" content=\"Canyoning - Mountivity\" \/>\n<meta property=\"og:url\" content=\"https:\/\/mountivity.com\/de\/activiteiten\/canyoning\/\" \/>\n<meta property=\"og:site_name\" content=\"Mountivity\" \/>\n<meta property=\"article:modified_time\" content=\"2022-01-31T14:27:06+00:00\" \/>\n<meta name=\"twitter:card\" content=\"summary_large_image\" \/>\n<meta name=\"twitter:label1\" content=\"Gesch\u00e4tzte Lesezeit\" \/>\n\t<meta name=\"twitter:data1\" content=\"5\u00a0Minuten\" \/>\n<script type=\"application\/ld+json\" class=\"yoast-schema-graph\">{\"@context\":\"https:\/\/schema.org\",\"@graph\":[{\"@type\":\"WebPage\",\"@id\":\"https:\/\/mountivity.com\/de\/activiteiten\/canyoning\/\",\"url\":\"https:\/\/mountivity.com\/de\/activiteiten\/canyoning\/\",\"name\":\"Canyoning - Mountivity\",\"isPartOf\":{\"@id\":\"https:\/\/mountivity.com\/de\/#website\"},\"datePublished\":\"2019-10-10T18:39:47+00:00\",\"dateModified\":\"2022-01-31T14:27:06+00:00\",\"breadcrumb\":{\"@id\":\"https:\/\/mountivity.com\/de\/activiteiten\/canyoning\/#breadcrumb\"},\"inLanguage\":\"de\",\"potentialAction\":[{\"@type\":\"ReadAction\",\"target\":[\"https:\/\/mountivity.com\/de\/activiteiten\/canyoning\/\"]}]},{\"@type\":\"BreadcrumbList\",\"@id\":\"https:\/\/mountivity.com\/de\/activiteiten\/canyoning\/#breadcrumb\",\"itemListElement\":[{\"@type\":\"ListItem\",\"position\":1,\"name\":\"Home\",\"item\":\"https:\/\/mountivity.com\/de\/\"},{\"@type\":\"ListItem\",\"position\":2,\"name\":\"alle Aktivit\u00e4ten\",\"item\":\"https:\/\/mountivity.com\/de\/activiteiten\/\"},{\"@type\":\"ListItem\",\"position\":3,\"name\":\"Canyoning\"}]},{\"@type\":\"WebSite\",\"@id\":\"https:\/\/mountivity.com\/de\/#website\",\"url\":\"https:\/\/mountivity.com\/de\/\",\"name\":\"Mountivity\",\"description\":\"avontuurlijke vakantie frankrijk\",\"publisher\":{\"@id\":\"https:\/\/mountivity.com\/de\/#organization\"},\"potentialAction\":[{\"@type\":\"SearchAction\",\"target\":{\"@type\":\"EntryPoint\",\"urlTemplate\":\"https:\/\/mountivity.com\/de\/?s={search_term_string}\"},\"query-input\":{\"@type\":\"PropertyValueSpecification\",\"valueRequired\":true,\"valueName\":\"search_term_string\"}}],\"inLanguage\":\"de\"},{\"@type\":\"Organization\",\"@id\":\"https:\/\/mountivity.com\/de\/#organization\",\"name\":\"mountivity\",\"url\":\"https:\/\/mountivity.com\/de\/\",\"logo\":{\"@type\":\"ImageObject\",\"inLanguage\":\"de\",\"@id\":\"https:\/\/mountivity.com\/de\/#\/schema\/logo\/image\/\",\"url\":\"https:\/\/mountivity.com\/wp-content\/uploads\/2019\/01\/logo-mountivity210.png\",\"contentUrl\":\"https:\/\/mountivity.com\/wp-content\/uploads\/2019\/01\/logo-mountivity210.png\",\"width\":210,\"height\":124,\"caption\":\"mountivity\"},\"image\":{\"@id\":\"https:\/\/mountivity.com\/de\/#\/schema\/logo\/image\/\"}}]}<\/script>\n<!-- \/ Yoast SEO plugin. -->","yoast_head_json":{"title":"Canyoning - Mountivity","robots":{"index":"index","follow":"follow","max-snippet":"max-snippet:-1","max-image-preview":"max-image-preview:large","max-video-preview":"max-video-preview:-1"},"canonical":"https:\/\/mountivity.com\/de\/activiteiten\/canyoning\/","og_locale":"de_DE","og_type":"article","og_title":"Canyoning - Mountivity","og_url":"https:\/\/mountivity.com\/de\/activiteiten\/canyoning\/","og_site_name":"Mountivity","article_modified_time":"2022-01-31T14:27:06+00:00","twitter_card":"summary_large_image","twitter_misc":{"Gesch\u00e4tzte Lesezeit":"5\u00a0Minuten"},"schema":{"@context":"https:\/\/schema.org","@graph":[{"@type":"WebPage","@id":"https:\/\/mountivity.com\/de\/activiteiten\/canyoning\/","url":"https:\/\/mountivity.com\/de\/activiteiten\/canyoning\/","name":"Canyoning - Mountivity","isPartOf":{"@id":"https:\/\/mountivity.com\/de\/#website"},"datePublished":"2019-10-10T18:39:47+00:00","dateModified":"2022-01-31T14:27:06+00:00","breadcrumb":{"@id":"https:\/\/mountivity.com\/de\/activiteiten\/canyoning\/#breadcrumb"},"inLanguage":"de","potentialAction":[{"@type":"ReadAction","target":["https:\/\/mountivity.com\/de\/activiteiten\/canyoning\/"]}]},{"@type":"BreadcrumbList","@id":"https:\/\/mountivity.com\/de\/activiteiten\/canyoning\/#breadcrumb","itemListElement":[{"@type":"ListItem","position":1,"name":"Home","item":"https:\/\/mountivity.com\/de\/"},{"@type":"ListItem","position":2,"name":"alle Aktivit\u00e4ten","item":"https:\/\/mountivity.com\/de\/activiteiten\/"},{"@type":"ListItem","position":3,"name":"Canyoning"}]},{"@type":"WebSite","@id":"https:\/\/mountivity.com\/de\/#website","url":"https:\/\/mountivity.com\/de\/","name":"Mountivity","description":"avontuurlijke vakantie frankrijk","publisher":{"@id":"https:\/\/mountivity.com\/de\/#organization"},"potentialAction":[{"@type":"SearchAction","target":{"@type":"EntryPoint","urlTemplate":"https:\/\/mountivity.com\/de\/?s={search_term_string}"},"query-input":{"@type":"PropertyValueSpecification","valueRequired":true,"valueName":"search_term_string"}}],"inLanguage":"de"},{"@type":"Organization","@id":"https:\/\/mountivity.com\/de\/#organization","name":"mountivity","url":"https:\/\/mountivity.com\/de\/","logo":{"@type":"ImageObject","inLanguage":"de","@id":"https:\/\/mountivity.com\/de\/#\/schema\/logo\/image\/","url":"https:\/\/mountivity.com\/wp-content\/uploads\/2019\/01\/logo-mountivity210.png","contentUrl":"https:\/\/mountivity.com\/wp-content\/uploads\/2019\/01\/logo-mountivity210.png","width":210,"height":124,"caption":"mountivity"},"image":{"@id":"https:\/\/mountivity.com\/de\/#\/schema\/logo\/image\/"}}]}},"_links":{"self":[{"href":"https:\/\/mountivity.com\/de\/wp-json\/wp\/v2\/pages\/1458","targetHints":{"allow":["GET"]}}],"collection":[{"href":"https:\/\/mountivity.com\/de\/wp-json\/wp\/v2\/pages"}],"about":[{"href":"https:\/\/mountivity.com\/de\/wp-json\/wp\/v2\/types\/page"}],"author":[{"embeddable":true,"href":"https:\/\/mountivity.com\/de\/wp-json\/wp\/v2\/users\/4"}],"replies":[{"embeddable":true,"href":"https:\/\/mountivity.com\/de\/wp-json\/wp\/v2\/comments?post=1458"}],"version-history":[{"count":9,"href":"https:\/\/mountivity.com\/de\/wp-json\/wp\/v2\/pages\/1458\/revisions"}],"predecessor-version":[{"id":2494,"href":"https:\/\/mountivity.com\/de\/wp-json\/wp\/v2\/pages\/1458\/revisions\/2494"}],"up":[{"embeddable":true,"href":"https:\/\/mountivity.com\/de\/wp-json\/wp\/v2\/pages\/1452"}],"wp:attachment":[{"href":"https:\/\/mountivity.com\/de\/wp-json\/wp\/v2\/media?parent=1458"}],"curies":[{"name":"wp","href":"https:\/\/api.w.org\/{rel}","templated":true}]}}