{"id":1624,"date":"2019-10-10T19:36:41","date_gmt":"2019-10-10T19:36:41","guid":{"rendered":"https:\/\/mountivity.com\/?page_id=1624"},"modified":"2020-03-05T07:35:11","modified_gmt":"2020-03-05T07:35:11","slug":"rotsklimmen","status":"publish","type":"page","link":"https:\/\/mountivity.com\/de\/activiteiten\/rotsklimmen\/","title":{"rendered":"klettern"},"content":{"rendered":"<p><div class=\"fusion-fullwidth fullwidth-box fusion-builder-row-1 nonhundred-percent-fullwidth non-hundred-percent-height-scrolling\" style=\"--awb-border-radius-top-left:0px;--awb-border-radius-top-right:0px;--awb-border-radius-bottom-right:0px;--awb-border-radius-bottom-left:0px;--awb-flex-wrap:wrap;\" ><div class=\"fusion-builder-row fusion-row\"><div class=\"fusion-layout-column fusion_builder_column fusion-builder-column-0 fusion_builder_column_1_1 1_1 fusion-one-full fusion-column-first fusion-column-last\" style=\"--awb-bg-size:cover;\"><div class=\"fusion-column-wrapper fusion-flex-column-wrapper-legacy\"><div class=\"fusion-text fusion-text-1\"><h1 style=\"text-align: center;\">Klettern<\/h1>\n<\/div><div class=\"fusion-clearfix\"><\/div><\/div><\/div><\/div><\/div><div class=\"fusion-fullwidth fullwidth-box fusion-builder-row-2 nonhundred-percent-fullwidth non-hundred-percent-height-scrolling\" style=\"--awb-border-radius-top-left:0px;--awb-border-radius-top-right:0px;--awb-border-radius-bottom-right:0px;--awb-border-radius-bottom-left:0px;--awb-flex-wrap:wrap;\" ><div class=\"fusion-builder-row fusion-row\"><div class=\"fusion-layout-column fusion_builder_column fusion-builder-column-1 fusion_builder_column_1_1 1_1 fusion-one-full fusion-column-first fusion-column-last\" style=\"--awb-bg-size:cover;\"><div class=\"fusion-column-wrapper fusion-flex-column-wrapper-legacy\"><div class=\"fusion-text fusion-text-2\"><p style=\"text-align: center;\">Was fr\u00fcher nur erfahrenen Alpinisten vorenthalten war, erschlie\u00dft sich in letzter Zeit mehr und mehr dem gr\u00f6\u00dferen Publikum. Bei uns k\u00f6nnen Sie gut gesichert und unterst\u00fctzt schwierige Bergsteiger-Routen \u00fcberwinden.<\/p>\n<p style=\"text-align: center;\">Sie besteigen Berge und stellen Ihre Technik, Kraft und Durchhalteverm\u00f6gen auf die Probe. Sie sind gesichert durch ein Seil und klettern im Team mit einem erfahrenen F\u00fchrer. Was f\u00fcr ein Gef\u00fchl, wen man den Gipfel erreicht hat! Klettern k\u00f6nnen auch schon Kinder ab einem Alter von sechs Jahren.<br \/>\nSie k\u00f6nnen sich f\u00fcr eine Klettertour von einem halben oder einem ganzen Tag entscheiden.<\/p>\n<\/div><div class=\"fusion-sep-clear\"><\/div><div class=\"fusion-separator fusion-full-width-sep\" style=\"margin-left: auto;margin-right: auto;margin-top:20px;width:100%;\"><\/div><div class=\"fusion-sep-clear\"><\/div><div class=\"fusion-aligncenter\"><a class=\"fusion-button button-flat fusion-button-default-size button-default fusion-button-default button-1 fusion-button-default-span fusion-button-default-type\" target=\"_self\" href=\"http:\/\/mountivity.com\/de\/activiteiten\/\"><span class=\"fusion-button-text\">Zu allen Aktivit\u00e4ten<\/span><\/a><\/div><div class=\"fusion-sep-clear\"><\/div><div class=\"fusion-separator fusion-full-width-sep\" style=\"margin-left: auto;margin-right: auto;margin-top:20px;width:100%;\"><\/div><div class=\"fusion-sep-clear\"><\/div><div class=\"fusion-clearfix\"><\/div><\/div><\/div><\/div><\/div><div class=\"fusion-fullwidth fullwidth-box fusion-builder-row-3 nonhundred-percent-fullwidth non-hundred-percent-height-scrolling\" style=\"--awb-border-radius-top-left:0px;--awb-border-radius-top-right:0px;--awb-border-radius-bottom-right:0px;--awb-border-radius-bottom-left:0px;--awb-flex-wrap:wrap;\" ><div class=\"fusion-builder-row fusion-row\"><div class=\"fusion-layout-column fusion_builder_column fusion-builder-column-2 fusion_builder_column_1_1 1_1 fusion-one-full fusion-column-first fusion-column-last\" style=\"--awb-bg-size:cover;\"><div class=\"fusion-column-wrapper fusion-flex-column-wrapper-legacy\"><div class=\"awb-gallery-wrapper awb-gallery-wrapper-1 button-span-no\"><div style=\"margin:-5px;--awb-bordersize:0px;\" class=\"fusion-gallery fusion-gallery-container fusion-grid-3 fusion-columns-total-11 fusion-gallery-layout-grid fusion-gallery-1\"><div style=\"padding:5px;\" class=\"fusion-grid-column fusion-gallery-column fusion-gallery-column-3 hover-type-zoomin\"><div class=\"fusion-gallery-image\"><img decoding=\"async\" src=\"https:\/\/mountivity.com\/wp-content\/uploads\/2019\/02\/DSC_2366.jpg\" width=\"750\" height=\"500\" alt=\"\" title=\"klimmen\" aria-label=\"klimmen\" class=\"img-responsive wp-image-378\" srcset=\"https:\/\/mountivity.com\/wp-content\/uploads\/2019\/02\/DSC_2366-200x133.jpg 200w, https:\/\/mountivity.com\/wp-content\/uploads\/2019\/02\/DSC_2366-400x267.jpg 400w, https:\/\/mountivity.com\/wp-content\/uploads\/2019\/02\/DSC_2366-600x400.jpg 600w, https:\/\/mountivity.com\/wp-content\/uploads\/2019\/02\/DSC_2366.jpg 750w\" sizes=\"(min-width: 2200px) 100vw, (min-width: 784px) 363px, (min-width: 712px) 545px, (min-width: 640px) 712px, \" \/><\/div><\/div><div style=\"padding:5px;\" class=\"fusion-grid-column fusion-gallery-column fusion-gallery-column-3 hover-type-zoomin\"><div class=\"fusion-gallery-image\"><img decoding=\"async\" src=\"https:\/\/mountivity.com\/wp-content\/uploads\/2019\/02\/P8100571.jpg\" width=\"667\" height=\"500\" alt=\"\" title=\"klimmen\" aria-label=\"klimmen\" class=\"img-responsive wp-image-380\" srcset=\"https:\/\/mountivity.com\/wp-content\/uploads\/2019\/02\/P8100571-200x150.jpg 200w, https:\/\/mountivity.com\/wp-content\/uploads\/2019\/02\/P8100571-400x300.jpg 400w, https:\/\/mountivity.com\/wp-content\/uploads\/2019\/02\/P8100571-600x450.jpg 600w, https:\/\/mountivity.com\/wp-content\/uploads\/2019\/02\/P8100571.jpg 667w\" sizes=\"(min-width: 2200px) 100vw, (min-width: 784px) 363px, (min-width: 712px) 545px, (min-width: 640px) 712px, \" \/><\/div><\/div><div style=\"padding:5px;\" class=\"fusion-grid-column fusion-gallery-column fusion-gallery-column-3 hover-type-zoomin\"><div class=\"fusion-gallery-image\"><img decoding=\"async\" src=\"https:\/\/mountivity.com\/wp-content\/uploads\/2019\/02\/DSC_1394.jpg\" width=\"750\" height=\"500\" alt=\"\" title=\"klimmen\" aria-label=\"klimmen\" class=\"img-responsive wp-image-381\" srcset=\"https:\/\/mountivity.com\/wp-content\/uploads\/2019\/02\/DSC_1394-200x133.jpg 200w, https:\/\/mountivity.com\/wp-content\/uploads\/2019\/02\/DSC_1394-400x267.jpg 400w, https:\/\/mountivity.com\/wp-content\/uploads\/2019\/02\/DSC_1394-600x400.jpg 600w, https:\/\/mountivity.com\/wp-content\/uploads\/2019\/02\/DSC_1394.jpg 750w\" sizes=\"(min-width: 2200px) 100vw, (min-width: 784px) 363px, (min-width: 712px) 545px, (min-width: 640px) 712px, \" \/><\/div><\/div><div class=\"clearfix\"><\/div><div style=\"padding:5px;\" class=\"fusion-grid-column fusion-gallery-column fusion-gallery-column-3 hover-type-zoomin\"><div class=\"fusion-gallery-image\"><img decoding=\"async\" src=\"https:\/\/mountivity.com\/wp-content\/uploads\/2019\/02\/DSC_2448.jpg\" width=\"333\" height=\"500\" alt=\"\" title=\"klimmen\" aria-label=\"klimmen\" class=\"img-responsive wp-image-382\" srcset=\"https:\/\/mountivity.com\/wp-content\/uploads\/2019\/02\/DSC_2448-200x300.jpg 200w, https:\/\/mountivity.com\/wp-content\/uploads\/2019\/02\/DSC_2448.jpg 333w\" sizes=\"(min-width: 2200px) 100vw, (min-width: 784px) 363px, (min-width: 712px) 545px, (min-width: 640px) 712px, \" \/><\/div><\/div><div style=\"padding:5px;\" class=\"fusion-grid-column fusion-gallery-column fusion-gallery-column-3 hover-type-zoomin\"><div class=\"fusion-gallery-image\"><img decoding=\"async\" src=\"https:\/\/mountivity.com\/wp-content\/uploads\/2019\/02\/DSC_1385.jpg\" width=\"750\" height=\"500\" alt=\"\" title=\"klimmen MD\" aria-label=\"klimmen MD\" class=\"img-responsive wp-image-383\" srcset=\"https:\/\/mountivity.com\/wp-content\/uploads\/2019\/02\/DSC_1385-200x133.jpg 200w, https:\/\/mountivity.com\/wp-content\/uploads\/2019\/02\/DSC_1385-400x267.jpg 400w, https:\/\/mountivity.com\/wp-content\/uploads\/2019\/02\/DSC_1385-600x400.jpg 600w, https:\/\/mountivity.com\/wp-content\/uploads\/2019\/02\/DSC_1385.jpg 750w\" sizes=\"(min-width: 2200px) 100vw, (min-width: 784px) 363px, (min-width: 712px) 545px, (min-width: 640px) 712px, \" \/><\/div><\/div><div style=\"padding:5px;\" class=\"fusion-grid-column fusion-gallery-column fusion-gallery-column-3 hover-type-zoomin\"><div class=\"fusion-gallery-image\"><img decoding=\"async\" src=\"https:\/\/mountivity.com\/wp-content\/uploads\/2019\/02\/DSC_2469.jpg\" width=\"333\" height=\"500\" alt=\"\" title=\"klimmen\" aria-label=\"klimmen\" class=\"img-responsive wp-image-384\" srcset=\"https:\/\/mountivity.com\/wp-content\/uploads\/2019\/02\/DSC_2469-200x300.jpg 200w, https:\/\/mountivity.com\/wp-content\/uploads\/2019\/02\/DSC_2469.jpg 333w\" sizes=\"(min-width: 2200px) 100vw, (min-width: 784px) 363px, (min-width: 712px) 545px, (min-width: 640px) 712px, \" \/><\/div><\/div><div class=\"clearfix\"><\/div><div style=\"padding:5px;\" class=\"fusion-grid-column fusion-gallery-column fusion-gallery-column-3 hover-type-zoomin\"><div class=\"fusion-gallery-image\"><img decoding=\"async\" src=\"https:\/\/mountivity.com\/wp-content\/uploads\/2019\/02\/P8080522.jpg\" width=\"667\" height=\"500\" alt=\"\" title=\"klimmen\" aria-label=\"klimmen\" class=\"img-responsive wp-image-385\" srcset=\"https:\/\/mountivity.com\/wp-content\/uploads\/2019\/02\/P8080522-200x150.jpg 200w, https:\/\/mountivity.com\/wp-content\/uploads\/2019\/02\/P8080522-400x300.jpg 400w, https:\/\/mountivity.com\/wp-content\/uploads\/2019\/02\/P8080522-600x450.jpg 600w, https:\/\/mountivity.com\/wp-content\/uploads\/2019\/02\/P8080522.jpg 667w\" sizes=\"(min-width: 2200px) 100vw, (min-width: 784px) 363px, (min-width: 712px) 545px, (min-width: 640px) 712px, \" \/><\/div><\/div><div style=\"padding:5px;\" class=\"fusion-grid-column fusion-gallery-column fusion-gallery-column-3 hover-type-zoomin\"><div class=\"fusion-gallery-image\"><img decoding=\"async\" src=\"https:\/\/mountivity.com\/wp-content\/uploads\/2019\/02\/DSC_2453.jpg\" width=\"333\" height=\"500\" alt=\"\" title=\"klimmen\" aria-label=\"klimmen\" class=\"img-responsive wp-image-387\" srcset=\"https:\/\/mountivity.com\/wp-content\/uploads\/2019\/02\/DSC_2453-200x300.jpg 200w, https:\/\/mountivity.com\/wp-content\/uploads\/2019\/02\/DSC_2453.jpg 333w\" sizes=\"(min-width: 2200px) 100vw, (min-width: 784px) 363px, (min-width: 712px) 545px, (min-width: 640px) 712px, \" \/><\/div><\/div><div style=\"padding:5px;\" class=\"fusion-grid-column fusion-gallery-column fusion-gallery-column-3 hover-type-zoomin\"><div class=\"fusion-gallery-image\"><img decoding=\"async\" src=\"https:\/\/mountivity.com\/wp-content\/uploads\/2019\/02\/DSC_1365.jpg\" width=\"750\" height=\"500\" alt=\"\" title=\"klimmen MD\" aria-label=\"klimmen MD\" class=\"img-responsive wp-image-388\" srcset=\"https:\/\/mountivity.com\/wp-content\/uploads\/2019\/02\/DSC_1365-200x133.jpg 200w, https:\/\/mountivity.com\/wp-content\/uploads\/2019\/02\/DSC_1365-400x267.jpg 400w, https:\/\/mountivity.com\/wp-content\/uploads\/2019\/02\/DSC_1365-600x400.jpg 600w, https:\/\/mountivity.com\/wp-content\/uploads\/2019\/02\/DSC_1365.jpg 750w\" sizes=\"(min-width: 2200px) 100vw, (min-width: 784px) 363px, (min-width: 712px) 545px, (min-width: 640px) 712px, \" \/><\/div><\/div><div class=\"clearfix\"><\/div><div style=\"padding:5px;\" class=\"fusion-grid-column fusion-gallery-column fusion-gallery-column-3 hover-type-zoomin\"><div class=\"fusion-gallery-image\"><img decoding=\"async\" src=\"https:\/\/mountivity.com\/wp-content\/uploads\/2019\/02\/DSC_2418.jpg\" width=\"750\" height=\"500\" alt=\"\" title=\"klimmen\" aria-label=\"klimmen\" class=\"img-responsive wp-image-390\" srcset=\"https:\/\/mountivity.com\/wp-content\/uploads\/2019\/02\/DSC_2418-200x133.jpg 200w, https:\/\/mountivity.com\/wp-content\/uploads\/2019\/02\/DSC_2418-400x267.jpg 400w, https:\/\/mountivity.com\/wp-content\/uploads\/2019\/02\/DSC_2418-600x400.jpg 600w, https:\/\/mountivity.com\/wp-content\/uploads\/2019\/02\/DSC_2418.jpg 750w\" sizes=\"(min-width: 2200px) 100vw, (min-width: 784px) 363px, (min-width: 712px) 545px, (min-width: 640px) 712px, \" \/><\/div><\/div><div style=\"padding:5px;\" class=\"fusion-grid-column fusion-gallery-column fusion-gallery-column-3 hover-type-zoomin\"><div class=\"fusion-gallery-image\"><img decoding=\"async\" src=\"https:\/\/mountivity.com\/wp-content\/uploads\/2019\/02\/DSC_1460.jpg\" width=\"333\" height=\"500\" alt=\"\" title=\"klimmen MD\" aria-label=\"klimmen MD\" class=\"img-responsive wp-image-391\" srcset=\"https:\/\/mountivity.com\/wp-content\/uploads\/2019\/02\/DSC_1460-200x300.jpg 200w, https:\/\/mountivity.com\/wp-content\/uploads\/2019\/02\/DSC_1460.jpg 333w\" sizes=\"(min-width: 2200px) 100vw, (min-width: 784px) 363px, (min-width: 712px) 545px, (min-width: 640px) 712px, \" \/><\/div><\/div><\/div><\/div><div class=\"fusion-clearfix\"><\/div><\/div><\/div><\/div><\/div><\/p>\n","protected":false},"excerpt":{"rendered":"","protected":false},"author":4,"featured_media":0,"parent":1452,"menu_order":0,"comment_status":"closed","ping_status":"closed","template":"","meta":{"_acf_changed":false,"footnotes":""},"class_list":["post-1624","page","type-page","status-publish","hentry"],"acf":[],"yoast_head":"<!-- This site is optimized with the Yoast SEO plugin v25.5 - https:\/\/yoast.com\/wordpress\/plugins\/seo\/ -->\n<title>klettern - Mountivity<\/title>\n<meta name=\"robots\" content=\"index, follow, max-snippet:-1, max-image-preview:large, max-video-preview:-1\" \/>\n<link rel=\"canonical\" href=\"https:\/\/mountivity.com\/de\/activiteiten\/rotsklimmen\/\" \/>\n<meta property=\"og:locale\" content=\"de_DE\" \/>\n<meta property=\"og:type\" content=\"article\" \/>\n<meta property=\"og:title\" content=\"klettern - Mountivity\" \/>\n<meta property=\"og:url\" content=\"https:\/\/mountivity.com\/de\/activiteiten\/rotsklimmen\/\" \/>\n<meta property=\"og:site_name\" content=\"Mountivity\" \/>\n<meta property=\"article:modified_time\" content=\"2020-03-05T07:35:11+00:00\" \/>\n<meta name=\"twitter:card\" content=\"summary_large_image\" \/>\n<meta name=\"twitter:label1\" content=\"Gesch\u00e4tzte Lesezeit\" \/>\n\t<meta name=\"twitter:data1\" content=\"5\u00a0Minuten\" \/>\n<script type=\"application\/ld+json\" class=\"yoast-schema-graph\">{\"@context\":\"https:\/\/schema.org\",\"@graph\":[{\"@type\":\"WebPage\",\"@id\":\"https:\/\/mountivity.com\/de\/activiteiten\/rotsklimmen\/\",\"url\":\"https:\/\/mountivity.com\/de\/activiteiten\/rotsklimmen\/\",\"name\":\"klettern - Mountivity\",\"isPartOf\":{\"@id\":\"https:\/\/mountivity.com\/de\/#website\"},\"datePublished\":\"2019-10-10T19:36:41+00:00\",\"dateModified\":\"2020-03-05T07:35:11+00:00\",\"breadcrumb\":{\"@id\":\"https:\/\/mountivity.com\/de\/activiteiten\/rotsklimmen\/#breadcrumb\"},\"inLanguage\":\"de\",\"potentialAction\":[{\"@type\":\"ReadAction\",\"target\":[\"https:\/\/mountivity.com\/de\/activiteiten\/rotsklimmen\/\"]}]},{\"@type\":\"BreadcrumbList\",\"@id\":\"https:\/\/mountivity.com\/de\/activiteiten\/rotsklimmen\/#breadcrumb\",\"itemListElement\":[{\"@type\":\"ListItem\",\"position\":1,\"name\":\"Home\",\"item\":\"https:\/\/mountivity.com\/de\/\"},{\"@type\":\"ListItem\",\"position\":2,\"name\":\"alle Aktivit\u00e4ten\",\"item\":\"https:\/\/mountivity.com\/de\/activiteiten\/\"},{\"@type\":\"ListItem\",\"position\":3,\"name\":\"klettern\"}]},{\"@type\":\"WebSite\",\"@id\":\"https:\/\/mountivity.com\/de\/#website\",\"url\":\"https:\/\/mountivity.com\/de\/\",\"name\":\"Mountivity\",\"description\":\"avontuurlijke vakantie frankrijk\",\"publisher\":{\"@id\":\"https:\/\/mountivity.com\/de\/#organization\"},\"potentialAction\":[{\"@type\":\"SearchAction\",\"target\":{\"@type\":\"EntryPoint\",\"urlTemplate\":\"https:\/\/mountivity.com\/de\/?s={search_term_string}\"},\"query-input\":{\"@type\":\"PropertyValueSpecification\",\"valueRequired\":true,\"valueName\":\"search_term_string\"}}],\"inLanguage\":\"de\"},{\"@type\":\"Organization\",\"@id\":\"https:\/\/mountivity.com\/de\/#organization\",\"name\":\"mountivity\",\"url\":\"https:\/\/mountivity.com\/de\/\",\"logo\":{\"@type\":\"ImageObject\",\"inLanguage\":\"de\",\"@id\":\"https:\/\/mountivity.com\/de\/#\/schema\/logo\/image\/\",\"url\":\"https:\/\/mountivity.com\/wp-content\/uploads\/2019\/01\/logo-mountivity210.png\",\"contentUrl\":\"https:\/\/mountivity.com\/wp-content\/uploads\/2019\/01\/logo-mountivity210.png\",\"width\":210,\"height\":124,\"caption\":\"mountivity\"},\"image\":{\"@id\":\"https:\/\/mountivity.com\/de\/#\/schema\/logo\/image\/\"}}]}<\/script>\n<!-- \/ Yoast SEO plugin. -->","yoast_head_json":{"title":"klettern - Mountivity","robots":{"index":"index","follow":"follow","max-snippet":"max-snippet:-1","max-image-preview":"max-image-preview:large","max-video-preview":"max-video-preview:-1"},"canonical":"https:\/\/mountivity.com\/de\/activiteiten\/rotsklimmen\/","og_locale":"de_DE","og_type":"article","og_title":"klettern - Mountivity","og_url":"https:\/\/mountivity.com\/de\/activiteiten\/rotsklimmen\/","og_site_name":"Mountivity","article_modified_time":"2020-03-05T07:35:11+00:00","twitter_card":"summary_large_image","twitter_misc":{"Gesch\u00e4tzte Lesezeit":"5\u00a0Minuten"},"schema":{"@context":"https:\/\/schema.org","@graph":[{"@type":"WebPage","@id":"https:\/\/mountivity.com\/de\/activiteiten\/rotsklimmen\/","url":"https:\/\/mountivity.com\/de\/activiteiten\/rotsklimmen\/","name":"klettern - Mountivity","isPartOf":{"@id":"https:\/\/mountivity.com\/de\/#website"},"datePublished":"2019-10-10T19:36:41+00:00","dateModified":"2020-03-05T07:35:11+00:00","breadcrumb":{"@id":"https:\/\/mountivity.com\/de\/activiteiten\/rotsklimmen\/#breadcrumb"},"inLanguage":"de","potentialAction":[{"@type":"ReadAction","target":["https:\/\/mountivity.com\/de\/activiteiten\/rotsklimmen\/"]}]},{"@type":"BreadcrumbList","@id":"https:\/\/mountivity.com\/de\/activiteiten\/rotsklimmen\/#breadcrumb","itemListElement":[{"@type":"ListItem","position":1,"name":"Home","item":"https:\/\/mountivity.com\/de\/"},{"@type":"ListItem","position":2,"name":"alle Aktivit\u00e4ten","item":"https:\/\/mountivity.com\/de\/activiteiten\/"},{"@type":"ListItem","position":3,"name":"klettern"}]},{"@type":"WebSite","@id":"https:\/\/mountivity.com\/de\/#website","url":"https:\/\/mountivity.com\/de\/","name":"Mountivity","description":"avontuurlijke vakantie frankrijk","publisher":{"@id":"https:\/\/mountivity.com\/de\/#organization"},"potentialAction":[{"@type":"SearchAction","target":{"@type":"EntryPoint","urlTemplate":"https:\/\/mountivity.com\/de\/?s={search_term_string}"},"query-input":{"@type":"PropertyValueSpecification","valueRequired":true,"valueName":"search_term_string"}}],"inLanguage":"de"},{"@type":"Organization","@id":"https:\/\/mountivity.com\/de\/#organization","name":"mountivity","url":"https:\/\/mountivity.com\/de\/","logo":{"@type":"ImageObject","inLanguage":"de","@id":"https:\/\/mountivity.com\/de\/#\/schema\/logo\/image\/","url":"https:\/\/mountivity.com\/wp-content\/uploads\/2019\/01\/logo-mountivity210.png","contentUrl":"https:\/\/mountivity.com\/wp-content\/uploads\/2019\/01\/logo-mountivity210.png","width":210,"height":124,"caption":"mountivity"},"image":{"@id":"https:\/\/mountivity.com\/de\/#\/schema\/logo\/image\/"}}]}},"_links":{"self":[{"href":"https:\/\/mountivity.com\/de\/wp-json\/wp\/v2\/pages\/1624","targetHints":{"allow":["GET"]}}],"collection":[{"href":"https:\/\/mountivity.com\/de\/wp-json\/wp\/v2\/pages"}],"about":[{"href":"https:\/\/mountivity.com\/de\/wp-json\/wp\/v2\/types\/page"}],"author":[{"embeddable":true,"href":"https:\/\/mountivity.com\/de\/wp-json\/wp\/v2\/users\/4"}],"replies":[{"embeddable":true,"href":"https:\/\/mountivity.com\/de\/wp-json\/wp\/v2\/comments?post=1624"}],"version-history":[{"count":12,"href":"https:\/\/mountivity.com\/de\/wp-json\/wp\/v2\/pages\/1624\/revisions"}],"predecessor-version":[{"id":1927,"href":"https:\/\/mountivity.com\/de\/wp-json\/wp\/v2\/pages\/1624\/revisions\/1927"}],"up":[{"embeddable":true,"href":"https:\/\/mountivity.com\/de\/wp-json\/wp\/v2\/pages\/1452"}],"wp:attachment":[{"href":"https:\/\/mountivity.com\/de\/wp-json\/wp\/v2\/media?parent=1624"}],"curies":[{"name":"wp","href":"https:\/\/api.w.org\/{rel}","templated":true}]}}