{"id":1640,"date":"2019-10-10T19:40:55","date_gmt":"2019-10-10T19:40:55","guid":{"rendered":"https:\/\/mountivity.com\/?page_id=1640"},"modified":"2020-03-04T14:29:11","modified_gmt":"2020-03-04T14:29:11","slug":"bert-en-marleen","status":"publish","type":"page","link":"https:\/\/mountivity.com\/de\/bert-en-marleen\/","title":{"rendered":"Wer sind Wir?"},"content":{"rendered":"<p><div class=\"fusion-fullwidth fullwidth-box fusion-builder-row-1 nonhundred-percent-fullwidth non-hundred-percent-height-scrolling\" style=\"--awb-border-radius-top-left:0px;--awb-border-radius-top-right:0px;--awb-border-radius-bottom-right:0px;--awb-border-radius-bottom-left:0px;--awb-flex-wrap:wrap;\" ><div class=\"fusion-builder-row fusion-row\"><div class=\"fusion-layout-column fusion_builder_column fusion-builder-column-0 fusion_builder_column_1_1 1_1 fusion-one-full fusion-column-first fusion-column-last\" style=\"--awb-bg-size:cover;--awb-margin-bottom:0px;\"><div class=\"fusion-column-wrapper fusion-flex-column-wrapper-legacy\"><div class=\"fusion-text fusion-text-1\"><h1 style=\"text-align: center;\"><strong>Wer sind Wir? <\/strong><\/h1>\n<p style=\"text-align: center;\">Seit 25 Jahren verbringen wir jede freie Minute in den Bergen. Wir nahmen drei Sabbatjahre um jedesmal den Sport und die Zeit in den Bergen zu genie\u00dfen.<br \/>\n2017 entschieden wir uns daf\u00fcr, unseren alten Traum in einem neuen Projekt zu realisieren, mit dem Namen \u201eMountivity\u201c.<br \/>\nDa wir immer wieder dorthin zur\u00fcckkehrten, war der Standort selbstverst\u00e4ndlich: Vallouise-Pelvoux!<\/p>\n<\/div><div class=\"fusion-clearfix\"><\/div><\/div><\/div><\/div><\/div><div class=\"fusion-fullwidth fullwidth-box fusion-builder-row-2 nonhundred-percent-fullwidth non-hundred-percent-height-scrolling fusion-equal-height-columns\" style=\"--awb-background-position:left top;--awb-border-radius-top-left:0px;--awb-border-radius-top-right:0px;--awb-border-radius-bottom-right:0px;--awb-border-radius-bottom-left:0px;--awb-padding-top:20px;--awb-padding-bottom:30px;--awb-border-sizes-top:0px;--awb-border-sizes-bottom:0px;--awb-flex-wrap:wrap;\" ><div class=\"fusion-builder-row fusion-row\"><div class=\"fusion-layout-column fusion_builder_column fusion-builder-column-1 fusion_builder_column_1_2 1_2 fusion-one-half fusion-column-first\" style=\"--awb-bg-image:url(&#039;http:\/\/mountivity.com\/wp-content\/uploads\/2019\/02\/20110716_16.jpg&#039;);--awb-bg-position:center center;--awb-bg-size:cover;\"><div class=\"fusion-column-wrapper fusion-flex-column-wrapper-legacy fusion-empty-column-bg-image fusion-column-has-bg-image\" data-bg-url=\"http:\/\/mountivity.com\/wp-content\/uploads\/2019\/02\/20110716_16.jpg\"><img decoding=\"async\" class=\"fusion-empty-dims-img-placeholder fusion-no-large-visibility\" src=\"data:image\/gif;base64,R0lGODlhAQABAAAAACH5BAEKAAEALAAAAAABAAEAAAICTAEAOw==\"><div class=\"fusion-clearfix\"><\/div><\/div><\/div><div class=\"fusion-layout-column fusion_builder_column fusion-builder-column-2 fusion_builder_column_1_2 1_2 fusion-one-half fusion-column-last bluebg wit\" style=\"--awb-padding-top:15%;--awb-padding-right:15%;--awb-padding-bottom:15%;--awb-padding-left:15%;--awb-bg-color:rgba(255,255,255,0);--awb-bg-color-hover:rgba(255,255,255,0);--awb-bg-size:cover;\"><div class=\"fusion-column-wrapper fusion-flex-column-wrapper-legacy\"><div class=\"fusion-column-content-centered\"><div class=\"fusion-column-content\"><div class=\"fusion-text fusion-text-2\"><p><strong>Marleen<\/strong><\/p>\n<ul>\n<li>Master Sporterziehung (KULeuven)<\/li>\n<li>International Life Saver<\/li>\n<li>Dozent Ski BFSI<\/li>\n<li>Lehrerin Rotes Kreuz<\/li>\n<li>Instructeur Aerobics<\/li>\n<li>Instructeur Windsurfen<\/li>\n<li>Sicherheit und Rettung im Wilwasser bei Rafting (IRF)<\/li>\n<li>Sportlehrerin im Sint-Eduardus Instituut in Merksem\n<ul>\n<li>Gr\u00fcnderin und Verantwortliche f\u00fcr Internationale Projekte<\/li>\n<li>Teamkoordinatorin<\/li>\n<li>Abenteuerstages<\/li>\n<\/ul>\n<\/li>\n<li>Organisatorin Belgian Raft Race<\/li>\n<\/ul>\n<\/div><\/div><\/div><div class=\"fusion-clearfix\"><\/div><\/div><\/div><\/div><\/div><div class=\"fusion-fullwidth fullwidth-box fusion-builder-row-3 nonhundred-percent-fullwidth non-hundred-percent-height-scrolling fusion-equal-height-columns\" style=\"--awb-background-position:left top;--awb-border-radius-top-left:0px;--awb-border-radius-top-right:0px;--awb-border-radius-bottom-right:0px;--awb-border-radius-bottom-left:0px;--awb-padding-top:40px;--awb-padding-bottom:60px;--awb-border-sizes-top:0px;--awb-border-sizes-bottom:0px;--awb-flex-wrap:wrap;\" ><div class=\"fusion-builder-row fusion-row\"><div class=\"fusion-layout-column fusion_builder_column fusion-builder-column-3 fusion_builder_column_1_2 1_2 fusion-one-half fusion-column-first orangebg wit\" style=\"--awb-padding-top:15%;--awb-padding-right:15%;--awb-padding-bottom:15%;--awb-padding-left:15%;--awb-bg-color:rgba(255,255,255,0);--awb-bg-color-hover:rgba(255,255,255,0);--awb-bg-size:cover;\"><div class=\"fusion-column-wrapper fusion-flex-column-wrapper-legacy\"><div class=\"fusion-column-content-centered\"><div class=\"fusion-column-content\"><div class=\"fusion-text fusion-text-3\"><p><strong>Bert<\/strong><\/p>\n<ul>\n<li>Master Sporterziehung (KULeuven)<\/li>\n<li>Dipl\u00f4me d\u2019Etat cano\u00eb-kayak et disciplines associ\u00e9es (Kajak, Rafting und Hydrospreed bis Wildwasser Klasse 5) Erster Flame mit diesem franz\u00f6sischen Diplom<\/li>\n<li>BACP Canyon Guide<\/li>\n<li>Dozent Kajak Wildwasser (Fl\u00e4mische Trainerschule)<\/li>\n<li>Co-Auteur von &#8222;Veiligheid en redding op wild water&#8220;<\/li>\n<li>Dozent Bergsteigen (Fl\u00e4mische Trainerschule)<\/li>\n<li>International Life Saver<\/li>\n<li>Dozent an der Karel de Grote Hogeschool Antwerpen, Verantwortlicher f\u00fcr Outdoor<\/li>\n<li>Expert Kajak im Namen der Vlaamse Hogescholen beim VTS \u2013 Sport Vlaanderen<\/li>\n<li>Expert Bergsteigen im Namen der Vlaamse Hogescholen, VTS &#8211; Sport Vlaanderen<\/li>\n<li>Lehrer \u201cklimvaardigheidsbewijs 1, 2 en 3 voor Klim- en Bergsportfederatie\u201d<\/li>\n<\/ul>\n<\/div><\/div><\/div><div class=\"fusion-clearfix\"><\/div><\/div><\/div><div class=\"fusion-layout-column fusion_builder_column fusion-builder-column-4 fusion_builder_column_1_2 1_2 fusion-one-half fusion-column-last\" style=\"--awb-bg-image:url(&#039;http:\/\/mountivity.com\/wp-content\/uploads\/2019\/02\/DSC_2827.jpg&#039;);--awb-bg-position:right top;--awb-bg-size:cover;\"><div class=\"fusion-column-wrapper fusion-flex-column-wrapper-legacy fusion-empty-column-bg-image fusion-column-has-bg-image\" data-bg-url=\"http:\/\/mountivity.com\/wp-content\/uploads\/2019\/02\/DSC_2827.jpg\"><img decoding=\"async\" class=\"fusion-empty-dims-img-placeholder fusion-no-large-visibility\" src=\"data:image\/gif;base64,R0lGODlhAQABAAAAACH5BAEKAAEALAAAAAABAAEAAAICTAEAOw==\"><div class=\"fusion-clearfix\"><\/div><\/div><\/div><\/div><\/div><div class=\"fusion-fullwidth fullwidth-box fusion-builder-row-4 nonhundred-percent-fullwidth non-hundred-percent-height-scrolling fusion-equal-height-columns\" style=\"--awb-background-position:left top;--awb-border-radius-top-left:0px;--awb-border-radius-top-right:0px;--awb-border-radius-bottom-right:0px;--awb-border-radius-bottom-left:0px;--awb-padding-top:40px;--awb-padding-bottom:60px;--awb-border-sizes-top:0px;--awb-border-sizes-bottom:0px;--awb-flex-wrap:wrap;\" ><div class=\"fusion-builder-row fusion-row\"><div class=\"fusion-layout-column fusion_builder_column fusion-builder-column-5 fusion_builder_column_1_2 1_2 fusion-one-half fusion-column-first\" style=\"--awb-bg-image:url(&#039;http:\/\/mountivity.com\/wp-content\/uploads\/2019\/02\/P5310234.jpg&#039;);--awb-bg-position:right center;--awb-bg-size:cover;\"><div class=\"fusion-column-wrapper fusion-flex-column-wrapper-legacy fusion-empty-column-bg-image fusion-column-has-bg-image\" data-bg-url=\"http:\/\/mountivity.com\/wp-content\/uploads\/2019\/02\/P5310234.jpg\"><img decoding=\"async\" class=\"fusion-empty-dims-img-placeholder fusion-no-large-visibility\" src=\"data:image\/gif;base64,R0lGODlhAQABAAAAACH5BAEKAAEALAAAAAABAAEAAAICTAEAOw==\"><div class=\"fusion-clearfix\"><\/div><\/div><\/div><div class=\"fusion-layout-column fusion_builder_column fusion-builder-column-6 fusion_builder_column_1_2 1_2 fusion-one-half fusion-column-last greenbg wit\" style=\"--awb-padding-top:15%;--awb-padding-right:15%;--awb-padding-bottom:15%;--awb-padding-left:15%;--awb-bg-color:rgba(255,255,255,0);--awb-bg-color-hover:rgba(255,255,255,0);--awb-bg-size:cover;\"><div class=\"fusion-column-wrapper fusion-flex-column-wrapper-legacy\"><div class=\"fusion-column-content-centered\"><div class=\"fusion-column-content\"><div class=\"fusion-text fusion-text-4\"><p><strong>Marleen en Bert<\/strong><\/p>\n<ul>\n<li>Canyoning in den Fran\u00f6sischen Alpen und Pyrene\u00eben, Spanje, Itali\u00eb, Zwitserland<\/li>\n<li>Trekkings (jedesmal ohne Begleitung und selbstst\u00e4ndig) in Europa, Nord- und S\u00fcd-Amerika, Asien, Neu-Seeland.<\/li>\n<li>Bergsteigen in der ganzen Welt<\/li>\n<li>Mountainbiking und Fahrrad-Touren (u.a. Tour im Balkan)<\/li>\n<li>Ski, Tourski, Ski-Alpinismus und Speedriding<\/li>\n<li>Parapente<\/li>\n<li>Kajak und Rafting<\/li>\n<\/ul>\n<\/div><\/div><\/div><div class=\"fusion-clearfix\"><\/div><\/div><\/div><\/div><\/div><div class=\"fusion-fullwidth fullwidth-box fusion-builder-row-5 nonhundred-percent-fullwidth non-hundred-percent-height-scrolling fusion-equal-height-columns\" style=\"--awb-background-position:left top;--awb-border-radius-top-left:0px;--awb-border-radius-top-right:0px;--awb-border-radius-bottom-right:0px;--awb-border-radius-bottom-left:0px;--awb-padding-top:20px;--awb-padding-bottom:20px;--awb-border-sizes-top:0px;--awb-border-sizes-bottom:0px;--awb-flex-wrap:wrap;\" ><div class=\"fusion-builder-row fusion-row\"><div class=\"fusion-layout-column fusion_builder_column fusion-builder-column-7 fusion_builder_column_1_2 1_2 fusion-one-half fusion-column-first graybg wit\" style=\"--awb-padding-top:15%;--awb-padding-right:15%;--awb-padding-bottom:15%;--awb-padding-left:15%;--awb-bg-color:rgba(255,255,255,0);--awb-bg-color-hover:rgba(255,255,255,0);--awb-bg-size:cover;\"><div class=\"fusion-column-wrapper fusion-flex-column-wrapper-legacy\"><div class=\"fusion-column-content-centered\"><div class=\"fusion-column-content\"><div class=\"fusion-text fusion-text-5\"><p>Opmerkelijkste prestaties<\/p>\n<ul>\n<li>Marleen: Kapit\u00e4n der Belgischen Frauenmannschaft Rafting \u2013 Europ\u00e4ischer Meister\u00a0 2012<\/li>\n<li>Bert: Sportklettern Niveau 8a<\/li>\n<li>Gemeinsam:\n<ul>\n<li>Trekking Cordillera Huyhuash,Peru, 15 dagen<\/li>\n<li>Trekking Kangchenjunga, Nepal, 23 dagen<\/li>\n<li style=\"list-style-type: none;\"><\/li>\n<\/ul>\n<\/li>\n<\/ul>\n<\/div><\/div><\/div><div class=\"fusion-clearfix\"><\/div><\/div><\/div><div class=\"fusion-layout-column fusion_builder_column fusion-builder-column-8 fusion_builder_column_1_2 1_2 fusion-one-half fusion-column-last\" style=\"--awb-bg-image:url(&#039;http:\/\/mountivity.com\/wp-content\/uploads\/2019\/02\/DSC_8219.jpg&#039;);--awb-bg-position:center center;--awb-bg-size:cover;\"><div class=\"fusion-column-wrapper fusion-flex-column-wrapper-legacy fusion-empty-column-bg-image fusion-column-has-bg-image\" data-bg-url=\"http:\/\/mountivity.com\/wp-content\/uploads\/2019\/02\/DSC_8219.jpg\"><img decoding=\"async\" class=\"fusion-empty-dims-img-placeholder fusion-no-large-visibility\" src=\"data:image\/gif;base64,R0lGODlhAQABAAAAACH5BAEKAAEALAAAAAABAAEAAAICTAEAOw==\"><div class=\"fusion-clearfix\"><\/div><\/div><\/div><\/div><\/div><div class=\"fusion-fullwidth fullwidth-box fusion-builder-row-6 nonhundred-percent-fullwidth non-hundred-percent-height-scrolling\" style=\"--awb-border-radius-top-left:0px;--awb-border-radius-top-right:0px;--awb-border-radius-bottom-right:0px;--awb-border-radius-bottom-left:0px;--awb-flex-wrap:wrap;\" ><div class=\"fusion-builder-row fusion-row\"><div class=\"fusion-layout-column fusion_builder_column fusion-builder-column-9 fusion_builder_column_1_1 1_1 fusion-one-full fusion-column-first fusion-column-last\" style=\"--awb-bg-size:cover;\"><div class=\"fusion-column-wrapper fusion-flex-column-wrapper-legacy\"><div class=\"fusion-aligncenter\"><a class=\"fusion-button button-flat button-medium button-custom fusion-button-default button-1 fusion-button-default-span fusion-button-default-type fusion-has-button-gradient\" style=\"--button_accent_color:#ffffff;--button_accent_hover_color:#ffffff;--button_border_hover_color:#ffffff;--button_gradient_top_color:#ef7743;--button_gradient_bottom_color:#ed6a42;--button_gradient_top_color_hover:#ef7743;--button_gradient_bottom_color_hover:#ed6a42;\" target=\"_self\" href=\"http:\/\/mountivity.com\/contact\/\"><span class=\"fusion-button-text\">Nehmen Sie Kontakt mit uns auf<\/span><\/a><\/div><div class=\"fusion-clearfix\"><\/div><\/div><\/div><\/div><\/div><\/p>\n","protected":false},"excerpt":{"rendered":"","protected":false},"author":4,"featured_media":0,"parent":0,"menu_order":0,"comment_status":"closed","ping_status":"closed","template":"","meta":{"_acf_changed":false,"footnotes":""},"class_list":["post-1640","page","type-page","status-publish","hentry"],"acf":[],"yoast_head":"<!-- This site is optimized with the Yoast SEO plugin v25.5 - https:\/\/yoast.com\/wordpress\/plugins\/seo\/ -->\n<title>Wer sind Wir? - Mountivity<\/title>\n<meta name=\"robots\" content=\"index, follow, max-snippet:-1, max-image-preview:large, max-video-preview:-1\" \/>\n<link rel=\"canonical\" href=\"https:\/\/mountivity.com\/de\/bert-en-marleen\/\" \/>\n<meta property=\"og:locale\" content=\"de_DE\" \/>\n<meta property=\"og:type\" content=\"article\" \/>\n<meta property=\"og:title\" content=\"Wer sind Wir? - Mountivity\" \/>\n<meta property=\"og:url\" content=\"https:\/\/mountivity.com\/de\/bert-en-marleen\/\" \/>\n<meta property=\"og:site_name\" content=\"Mountivity\" \/>\n<meta property=\"article:modified_time\" content=\"2020-03-04T14:29:11+00:00\" \/>\n<meta name=\"twitter:card\" content=\"summary_large_image\" \/>\n<meta name=\"twitter:label1\" content=\"Gesch\u00e4tzte Lesezeit\" \/>\n\t<meta name=\"twitter:data1\" content=\"10\u00a0Minuten\" \/>\n<script type=\"application\/ld+json\" class=\"yoast-schema-graph\">{\"@context\":\"https:\/\/schema.org\",\"@graph\":[{\"@type\":\"WebPage\",\"@id\":\"https:\/\/mountivity.com\/de\/bert-en-marleen\/\",\"url\":\"https:\/\/mountivity.com\/de\/bert-en-marleen\/\",\"name\":\"Wer sind Wir? - Mountivity\",\"isPartOf\":{\"@id\":\"https:\/\/mountivity.com\/de\/#website\"},\"datePublished\":\"2019-10-10T19:40:55+00:00\",\"dateModified\":\"2020-03-04T14:29:11+00:00\",\"breadcrumb\":{\"@id\":\"https:\/\/mountivity.com\/de\/bert-en-marleen\/#breadcrumb\"},\"inLanguage\":\"de\",\"potentialAction\":[{\"@type\":\"ReadAction\",\"target\":[\"https:\/\/mountivity.com\/de\/bert-en-marleen\/\"]}]},{\"@type\":\"BreadcrumbList\",\"@id\":\"https:\/\/mountivity.com\/de\/bert-en-marleen\/#breadcrumb\",\"itemListElement\":[{\"@type\":\"ListItem\",\"position\":1,\"name\":\"Home\",\"item\":\"https:\/\/mountivity.com\/de\/\"},{\"@type\":\"ListItem\",\"position\":2,\"name\":\"Wer sind Wir?\"}]},{\"@type\":\"WebSite\",\"@id\":\"https:\/\/mountivity.com\/de\/#website\",\"url\":\"https:\/\/mountivity.com\/de\/\",\"name\":\"Mountivity\",\"description\":\"avontuurlijke vakantie frankrijk\",\"publisher\":{\"@id\":\"https:\/\/mountivity.com\/de\/#organization\"},\"potentialAction\":[{\"@type\":\"SearchAction\",\"target\":{\"@type\":\"EntryPoint\",\"urlTemplate\":\"https:\/\/mountivity.com\/de\/?s={search_term_string}\"},\"query-input\":{\"@type\":\"PropertyValueSpecification\",\"valueRequired\":true,\"valueName\":\"search_term_string\"}}],\"inLanguage\":\"de\"},{\"@type\":\"Organization\",\"@id\":\"https:\/\/mountivity.com\/de\/#organization\",\"name\":\"mountivity\",\"url\":\"https:\/\/mountivity.com\/de\/\",\"logo\":{\"@type\":\"ImageObject\",\"inLanguage\":\"de\",\"@id\":\"https:\/\/mountivity.com\/de\/#\/schema\/logo\/image\/\",\"url\":\"https:\/\/mountivity.com\/wp-content\/uploads\/2019\/01\/logo-mountivity210.png\",\"contentUrl\":\"https:\/\/mountivity.com\/wp-content\/uploads\/2019\/01\/logo-mountivity210.png\",\"width\":210,\"height\":124,\"caption\":\"mountivity\"},\"image\":{\"@id\":\"https:\/\/mountivity.com\/de\/#\/schema\/logo\/image\/\"}}]}<\/script>\n<!-- \/ Yoast SEO plugin. -->","yoast_head_json":{"title":"Wer sind Wir? - Mountivity","robots":{"index":"index","follow":"follow","max-snippet":"max-snippet:-1","max-image-preview":"max-image-preview:large","max-video-preview":"max-video-preview:-1"},"canonical":"https:\/\/mountivity.com\/de\/bert-en-marleen\/","og_locale":"de_DE","og_type":"article","og_title":"Wer sind Wir? - Mountivity","og_url":"https:\/\/mountivity.com\/de\/bert-en-marleen\/","og_site_name":"Mountivity","article_modified_time":"2020-03-04T14:29:11+00:00","twitter_card":"summary_large_image","twitter_misc":{"Gesch\u00e4tzte Lesezeit":"10\u00a0Minuten"},"schema":{"@context":"https:\/\/schema.org","@graph":[{"@type":"WebPage","@id":"https:\/\/mountivity.com\/de\/bert-en-marleen\/","url":"https:\/\/mountivity.com\/de\/bert-en-marleen\/","name":"Wer sind Wir? - Mountivity","isPartOf":{"@id":"https:\/\/mountivity.com\/de\/#website"},"datePublished":"2019-10-10T19:40:55+00:00","dateModified":"2020-03-04T14:29:11+00:00","breadcrumb":{"@id":"https:\/\/mountivity.com\/de\/bert-en-marleen\/#breadcrumb"},"inLanguage":"de","potentialAction":[{"@type":"ReadAction","target":["https:\/\/mountivity.com\/de\/bert-en-marleen\/"]}]},{"@type":"BreadcrumbList","@id":"https:\/\/mountivity.com\/de\/bert-en-marleen\/#breadcrumb","itemListElement":[{"@type":"ListItem","position":1,"name":"Home","item":"https:\/\/mountivity.com\/de\/"},{"@type":"ListItem","position":2,"name":"Wer sind Wir?"}]},{"@type":"WebSite","@id":"https:\/\/mountivity.com\/de\/#website","url":"https:\/\/mountivity.com\/de\/","name":"Mountivity","description":"avontuurlijke vakantie frankrijk","publisher":{"@id":"https:\/\/mountivity.com\/de\/#organization"},"potentialAction":[{"@type":"SearchAction","target":{"@type":"EntryPoint","urlTemplate":"https:\/\/mountivity.com\/de\/?s={search_term_string}"},"query-input":{"@type":"PropertyValueSpecification","valueRequired":true,"valueName":"search_term_string"}}],"inLanguage":"de"},{"@type":"Organization","@id":"https:\/\/mountivity.com\/de\/#organization","name":"mountivity","url":"https:\/\/mountivity.com\/de\/","logo":{"@type":"ImageObject","inLanguage":"de","@id":"https:\/\/mountivity.com\/de\/#\/schema\/logo\/image\/","url":"https:\/\/mountivity.com\/wp-content\/uploads\/2019\/01\/logo-mountivity210.png","contentUrl":"https:\/\/mountivity.com\/wp-content\/uploads\/2019\/01\/logo-mountivity210.png","width":210,"height":124,"caption":"mountivity"},"image":{"@id":"https:\/\/mountivity.com\/de\/#\/schema\/logo\/image\/"}}]}},"_links":{"self":[{"href":"https:\/\/mountivity.com\/de\/wp-json\/wp\/v2\/pages\/1640","targetHints":{"allow":["GET"]}}],"collection":[{"href":"https:\/\/mountivity.com\/de\/wp-json\/wp\/v2\/pages"}],"about":[{"href":"https:\/\/mountivity.com\/de\/wp-json\/wp\/v2\/types\/page"}],"author":[{"embeddable":true,"href":"https:\/\/mountivity.com\/de\/wp-json\/wp\/v2\/users\/4"}],"replies":[{"embeddable":true,"href":"https:\/\/mountivity.com\/de\/wp-json\/wp\/v2\/comments?post=1640"}],"version-history":[{"count":6,"href":"https:\/\/mountivity.com\/de\/wp-json\/wp\/v2\/pages\/1640\/revisions"}],"predecessor-version":[{"id":1842,"href":"https:\/\/mountivity.com\/de\/wp-json\/wp\/v2\/pages\/1640\/revisions\/1842"}],"wp:attachment":[{"href":"https:\/\/mountivity.com\/de\/wp-json\/wp\/v2\/media?parent=1640"}],"curies":[{"name":"wp","href":"https:\/\/api.w.org\/{rel}","templated":true}]}}