{"id":1109,"date":"2019-09-27T07:58:23","date_gmt":"2019-09-27T07:58:23","guid":{"rendered":"https:\/\/mountivity.com\/?page_id=1109"},"modified":"2020-04-14T07:56:34","modified_gmt":"2020-04-14T07:56:34","slug":"over-mountivity","status":"publish","type":"page","link":"https:\/\/mountivity.com\/fr\/over-mountivity\/","title":{"rendered":"au sujet de mountivity"},"content":{"rendered":"<p><div class=\"fusion-fullwidth fullwidth-box fusion-builder-row-1 nonhundred-percent-fullwidth non-hundred-percent-height-scrolling\" style=\"--awb-background-position:left top;--awb-border-radius-top-left:0px;--awb-border-radius-top-right:0px;--awb-border-radius-bottom-right:0px;--awb-border-radius-bottom-left:0px;--awb-margin-top:20px;--awb-border-sizes-top:0px;--awb-border-sizes-bottom:0px;--awb-flex-wrap:wrap;\" ><div class=\"fusion-builder-row fusion-row\"><div class=\"fusion-layout-column fusion_builder_column fusion-builder-column-0 fusion_builder_column_1_1 1_1 fusion-one-full fusion-column-first fusion-column-last fusion-column-no-min-height\" style=\"--awb-bg-size:cover;--awb-margin-bottom:0px;\"><div class=\"fusion-column-wrapper fusion-flex-column-wrapper-legacy\"><div class=\"fusion-text fusion-text-1\"><h2 style=\"text-align: center;\">Mountivity votre aventure sur mesure<\/h2>\n<\/div><div class=\"fusion-clearfix\"><\/div><\/div><\/div><\/div><\/div><div class=\"fusion-fullwidth fullwidth-box fusion-builder-row-2 nonhundred-percent-fullwidth non-hundred-percent-height-scrolling fusion-equal-height-columns\" style=\"--awb-background-position:left top;--awb-border-radius-top-left:0px;--awb-border-radius-top-right:0px;--awb-border-radius-bottom-right:0px;--awb-border-radius-bottom-left:0px;--awb-padding-top:20px;--awb-padding-bottom:30px;--awb-border-sizes-top:0px;--awb-border-sizes-bottom:0px;--awb-flex-wrap:wrap;\" ><div class=\"fusion-builder-row fusion-row\"><div class=\"fusion-layout-column fusion_builder_column fusion-builder-column-1 fusion_builder_column_1_2 1_2 fusion-one-half fusion-column-first\" style=\"--awb-bg-size:cover;\"><div class=\"fusion-column-wrapper lazyload fusion-flex-column-wrapper-legacy fusion-empty-column-bg-image fusion-column-has-bg-image\" data-bg-url=\"http:\/\/mountivity.com\/wp-content\/uploads\/2019\/02\/PA190087.jpg\" data-bg=\"http:\/\/mountivity.com\/wp-content\/uploads\/2019\/02\/PA190087.jpg\"><img decoding=\"async\" class=\"fusion-empty-dims-img-placeholder fusion-no-large-visibility\" src=\"data:image\/gif;base64,R0lGODlhAQABAAAAACH5BAEKAAEALAAAAAABAAEAAAICTAEAOw==\"><div class=\"fusion-clearfix\"><\/div><\/div><\/div><div class=\"fusion-layout-column fusion_builder_column fusion-builder-column-2 fusion_builder_column_1_2 1_2 fusion-one-half fusion-column-last bluebg\" style=\"--awb-padding-top:15%;--awb-padding-right:15%;--awb-padding-bottom:15%;--awb-padding-left:15%;--awb-bg-color:rgba(255,255,255,0);--awb-bg-color-hover:rgba(255,255,255,0);--awb-bg-size:cover;\"><div class=\"fusion-column-wrapper fusion-flex-column-wrapper-legacy\"><div class=\"fusion-column-content-centered\"><div class=\"fusion-column-content\"><div class=\"fusion-sep-clear\"><\/div><div class=\"fusion-separator fusion-full-width-sep\" style=\"margin-left: auto;margin-right: auto;margin-top:20px;width:100%;\"><\/div><div class=\"fusion-sep-clear\"><\/div><div class=\"fusion-text fusion-text-2\"><p><span style=\"color: #ffffff;\">Nous sommes Marleen et Bert, deux aventuriers passionn\u00e9s et exp\u00e9riment\u00e9s, poss\u00e9dants un \u00e9ventail exceptionnel de dipl\u00f4mes. Nous vous proposons des programmes flexibles et tr\u00e8s vari\u00e9s. Nous pr\u00e9f\u00e9rons une approche personnelle. La s\u00e9curit\u00e9 est toujours prioritaire.<\/span><\/p>\n<\/div><div class=\"fusion-aligncenter\"><a class=\"fusion-button button-flat fusion-button-default-size button-default fusion-button-default button-1 fusion-button-default-span fusion-button-default-type\" target=\"_self\" href=\"http:\/\/mountivity.com\/fr\/contact\/\"><span class=\"fusion-button-text\">Contactez-nous <\/span><\/a><\/div><div class=\"fusion-sep-clear\"><\/div><div class=\"fusion-separator fusion-full-width-sep\" style=\"margin-left: auto;margin-right: auto;margin-top:20px;width:100%;\"><\/div><div class=\"fusion-sep-clear\"><\/div><\/div><\/div><div class=\"fusion-clearfix\"><\/div><\/div><\/div><\/div><\/div><div class=\"fusion-fullwidth fullwidth-box fusion-builder-row-3 nonhundred-percent-fullwidth non-hundred-percent-height-scrolling fusion-equal-height-columns\" style=\"--awb-background-position:left top;--awb-border-radius-top-left:0px;--awb-border-radius-top-right:0px;--awb-border-radius-bottom-right:0px;--awb-border-radius-bottom-left:0px;--awb-padding-top:40px;--awb-padding-bottom:60px;--awb-border-sizes-top:0px;--awb-border-sizes-bottom:0px;--awb-flex-wrap:wrap;\" ><div class=\"fusion-builder-row fusion-row\"><div class=\"fusion-layout-column fusion_builder_column fusion-builder-column-3 fusion_builder_column_1_2 1_2 fusion-one-half fusion-column-first orangebg\" style=\"--awb-padding-top:15%;--awb-padding-right:15%;--awb-padding-bottom:15%;--awb-padding-left:15%;--awb-bg-color:rgba(255,255,255,0);--awb-bg-color-hover:rgba(255,255,255,0);--awb-bg-size:cover;\"><div class=\"fusion-column-wrapper fusion-flex-column-wrapper-legacy\"><div class=\"fusion-column-content-centered\"><div class=\"fusion-column-content\"><div class=\"fusion-text fusion-text-3\"><p><span style=\"color: #ffffff;\">Nous nous sommes rencontr\u00e9s \u00e0 l\u2019universit\u00e9 de Louvain. La passion pour la montagne que nous partageons domine notre vie. Les ambitions sportives et l\u2019envie de la d\u00e9couverte nous m\u00e8nons \u00e0 beaucoup d\u2019endroits et continents ou notre exp\u00e9rience et nos connaissances \u2018s am\u00e9liorent. Nous suivons des formations en Belgique et ailleurs et encadrons et formons des sportifs en diff\u00e9rentes disciplines en Belgique et dans les Alpes.<\/span><\/p>\n<\/div><\/div><\/div><div class=\"fusion-clearfix\"><\/div><\/div><\/div><div class=\"fusion-layout-column fusion_builder_column fusion-builder-column-4 fusion_builder_column_1_2 1_2 fusion-one-half fusion-column-last\" style=\"--awb-bg-size:cover;\"><div class=\"fusion-column-wrapper lazyload fusion-flex-column-wrapper-legacy fusion-empty-column-bg-image fusion-column-has-bg-image\" data-bg-url=\"http:\/\/mountivity.com\/wp-content\/uploads\/2019\/02\/DSC_0565.jpg\" data-bg=\"http:\/\/mountivity.com\/wp-content\/uploads\/2019\/02\/DSC_0565.jpg\"><img decoding=\"async\" class=\"fusion-empty-dims-img-placeholder fusion-no-large-visibility\" src=\"data:image\/gif;base64,R0lGODlhAQABAAAAACH5BAEKAAEALAAAAAABAAEAAAICTAEAOw==\"><div class=\"fusion-clearfix\"><\/div><\/div><\/div><\/div><\/div><div class=\"fusion-fullwidth fullwidth-box fusion-builder-row-4 nonhundred-percent-fullwidth non-hundred-percent-height-scrolling fusion-equal-height-columns\" style=\"--awb-background-position:left top;--awb-border-radius-top-left:0px;--awb-border-radius-top-right:0px;--awb-border-radius-bottom-right:0px;--awb-border-radius-bottom-left:0px;--awb-padding-top:20px;--awb-padding-bottom:30px;--awb-border-sizes-top:0px;--awb-border-sizes-bottom:0px;--awb-flex-wrap:wrap;\" ><div class=\"fusion-builder-row fusion-row\"><div class=\"fusion-layout-column fusion_builder_column fusion-builder-column-5 fusion_builder_column_1_2 1_2 fusion-one-half fusion-column-first\" style=\"--awb-bg-size:cover;\"><div class=\"fusion-column-wrapper lazyload fusion-flex-column-wrapper-legacy fusion-empty-column-bg-image fusion-column-has-bg-image\" data-bg-url=\"http:\/\/mountivity.com\/wp-content\/uploads\/2019\/02\/DSC_7398.jpg\" data-bg=\"http:\/\/mountivity.com\/wp-content\/uploads\/2019\/02\/DSC_7398.jpg\"><img decoding=\"async\" class=\"fusion-empty-dims-img-placeholder fusion-no-large-visibility\" src=\"data:image\/gif;base64,R0lGODlhAQABAAAAACH5BAEKAAEALAAAAAABAAEAAAICTAEAOw==\"><div class=\"fusion-clearfix\"><\/div><\/div><\/div><div class=\"fusion-layout-column fusion_builder_column fusion-builder-column-6 fusion_builder_column_1_2 1_2 fusion-one-half fusion-column-last greenbg\" style=\"--awb-padding-top:15%;--awb-padding-right:15%;--awb-padding-bottom:15%;--awb-padding-left:15%;--awb-bg-color:rgba(255,255,255,0);--awb-bg-color-hover:rgba(255,255,255,0);--awb-bg-size:cover;\"><div class=\"fusion-column-wrapper fusion-flex-column-wrapper-legacy\"><div class=\"fusion-column-content-centered\"><div class=\"fusion-column-content\"><div class=\"fusion-text fusion-text-4\"><p><span style=\"color: #ffffff;\">Nos avons obtenu les cartes pro Fran\u00e7aises officielles en escalade, via ferrata, rafting, kayak, hydrospeed, canyoning et VTT. Bert est le premier Flamand \u00e0 obtenir le Dipl\u00f4me d\u2019Etat eau vive. Marleen \u00e9tait championne de raft avec l\u2019\u00e9quipe Belge en 2012. L\u2019ensemble de ces exp\u00e9riences et connaissances nous permet de vous offrir une prestation de haute qualit\u00e9 qui r\u00e9pond parfaitement \u00e0 vos attentes. Un accueil chaleureux et partager nos passions, est la mission de Mountivity.<\/span><\/p>\n<\/div><div class=\"fusion-sep-clear\"><\/div><div class=\"fusion-separator fusion-full-width-sep\" style=\"margin-left: auto;margin-right: auto;margin-top:20px;width:100%;\"><\/div><div class=\"fusion-sep-clear\"><\/div><div class=\"fusion-alignleft\"><a class=\"fusion-button button-flat button-medium button-custom fusion-button-default button-2 fusion-button-default-span fusion-button-default-type fusion-has-button-gradient\" style=\"--button_accent_color:#ffffff;--button_accent_hover_color:#ffffff;--button_border_hover_color:#ffffff;--button_gradient_top_color:#ef7743;--button_gradient_bottom_color:#ed6a42;--button_gradient_top_color_hover:#ef7743;--button_gradient_bottom_color_hover:#ed6a42;\" target=\"_self\" href=\"http:\/\/mountivity.com\/fr\/contact\/\"><span class=\"fusion-button-text\">Contactez-nous<\/span><\/a><\/div><div class=\"fusion-sep-clear\"><\/div><div class=\"fusion-separator fusion-full-width-sep\" style=\"margin-left: auto;margin-right: auto;margin-top:20px;width:100%;\"><\/div><div class=\"fusion-sep-clear\"><\/div><\/div><\/div><div class=\"fusion-clearfix\"><\/div><\/div><\/div><\/div><\/div><div class=\"fusion-fullwidth fullwidth-box fusion-builder-row-5 nonhundred-percent-fullwidth non-hundred-percent-height-scrolling\" style=\"--awb-border-radius-top-left:0px;--awb-border-radius-top-right:0px;--awb-border-radius-bottom-right:0px;--awb-border-radius-bottom-left:0px;--awb-flex-wrap:wrap;\" ><div class=\"fusion-builder-row fusion-row\"><div class=\"fusion-layout-column fusion_builder_column fusion-builder-column-7 fusion_builder_column_1_1 1_1 fusion-one-full fusion-column-first fusion-column-last\" style=\"--awb-bg-size:cover;\"><div class=\"fusion-column-wrapper fusion-flex-column-wrapper-legacy\"><div class=\"fusion-aligncenter\"><a class=\"fusion-button button-flat fusion-button-default-size button-default fusion-button-default button-3 fusion-button-default-span fusion-button-default-type\" target=\"_self\" href=\"http:\/\/mountivity.com\/fr\/bert-en-marleen\/\"><span class=\"fusion-button-text\">LIRE PLUS<\/span><\/a><\/div><div class=\"fusion-clearfix\"><\/div><\/div><\/div><\/div><\/div><\/p>\n","protected":false},"excerpt":{"rendered":"","protected":false},"author":4,"featured_media":0,"parent":0,"menu_order":0,"comment_status":"closed","ping_status":"closed","template":"","meta":{"_acf_changed":false,"footnotes":""},"class_list":["post-1109","page","type-page","status-publish","hentry"],"acf":[],"yoast_head":"<!-- This site is optimized with the Yoast SEO plugin v25.5 - https:\/\/yoast.com\/wordpress\/plugins\/seo\/ -->\n<title>au sujet de mountivity - Mountivity<\/title>\n<meta name=\"robots\" content=\"index, follow, max-snippet:-1, max-image-preview:large, max-video-preview:-1\" \/>\n<link rel=\"canonical\" href=\"https:\/\/mountivity.com\/fr\/over-mountivity\/\" \/>\n<meta property=\"og:locale\" content=\"fr_FR\" \/>\n<meta property=\"og:type\" content=\"article\" \/>\n<meta property=\"og:title\" content=\"au sujet de mountivity - Mountivity\" \/>\n<meta property=\"og:url\" content=\"https:\/\/mountivity.com\/fr\/over-mountivity\/\" \/>\n<meta property=\"og:site_name\" content=\"Mountivity\" \/>\n<meta property=\"article:modified_time\" content=\"2020-04-14T07:56:34+00:00\" \/>\n<meta name=\"twitter:card\" content=\"summary_large_image\" \/>\n<meta name=\"twitter:label1\" content=\"Dur\u00e9e de lecture est.\" \/>\n\t<meta name=\"twitter:data1\" content=\"9 minutes\" \/>\n<script type=\"application\/ld+json\" class=\"yoast-schema-graph\">{\"@context\":\"https:\/\/schema.org\",\"@graph\":[{\"@type\":\"WebPage\",\"@id\":\"https:\/\/mountivity.com\/fr\/over-mountivity\/\",\"url\":\"https:\/\/mountivity.com\/fr\/over-mountivity\/\",\"name\":\"au sujet de mountivity - Mountivity\",\"isPartOf\":{\"@id\":\"https:\/\/mountivity.com\/fr\/#website\"},\"datePublished\":\"2019-09-27T07:58:23+00:00\",\"dateModified\":\"2020-04-14T07:56:34+00:00\",\"breadcrumb\":{\"@id\":\"https:\/\/mountivity.com\/fr\/over-mountivity\/#breadcrumb\"},\"inLanguage\":\"fr-BE\",\"potentialAction\":[{\"@type\":\"ReadAction\",\"target\":[\"https:\/\/mountivity.com\/fr\/over-mountivity\/\"]}]},{\"@type\":\"BreadcrumbList\",\"@id\":\"https:\/\/mountivity.com\/fr\/over-mountivity\/#breadcrumb\",\"itemListElement\":[{\"@type\":\"ListItem\",\"position\":1,\"name\":\"Home\",\"item\":\"https:\/\/mountivity.com\/fr\/\"},{\"@type\":\"ListItem\",\"position\":2,\"name\":\"au sujet de mountivity\"}]},{\"@type\":\"WebSite\",\"@id\":\"https:\/\/mountivity.com\/fr\/#website\",\"url\":\"https:\/\/mountivity.com\/fr\/\",\"name\":\"Mountivity\",\"description\":\"avontuurlijke vakantie frankrijk\",\"publisher\":{\"@id\":\"https:\/\/mountivity.com\/fr\/#organization\"},\"potentialAction\":[{\"@type\":\"SearchAction\",\"target\":{\"@type\":\"EntryPoint\",\"urlTemplate\":\"https:\/\/mountivity.com\/fr\/?s={search_term_string}\"},\"query-input\":{\"@type\":\"PropertyValueSpecification\",\"valueRequired\":true,\"valueName\":\"search_term_string\"}}],\"inLanguage\":\"fr-BE\"},{\"@type\":\"Organization\",\"@id\":\"https:\/\/mountivity.com\/fr\/#organization\",\"name\":\"mountivity\",\"url\":\"https:\/\/mountivity.com\/fr\/\",\"logo\":{\"@type\":\"ImageObject\",\"inLanguage\":\"fr-BE\",\"@id\":\"https:\/\/mountivity.com\/fr\/#\/schema\/logo\/image\/\",\"url\":\"https:\/\/mountivity.com\/wp-content\/uploads\/2019\/01\/logo-mountivity210.png\",\"contentUrl\":\"https:\/\/mountivity.com\/wp-content\/uploads\/2019\/01\/logo-mountivity210.png\",\"width\":210,\"height\":124,\"caption\":\"mountivity\"},\"image\":{\"@id\":\"https:\/\/mountivity.com\/fr\/#\/schema\/logo\/image\/\"}}]}<\/script>\n<!-- \/ Yoast SEO plugin. -->","yoast_head_json":{"title":"au sujet de mountivity - Mountivity","robots":{"index":"index","follow":"follow","max-snippet":"max-snippet:-1","max-image-preview":"max-image-preview:large","max-video-preview":"max-video-preview:-1"},"canonical":"https:\/\/mountivity.com\/fr\/over-mountivity\/","og_locale":"fr_FR","og_type":"article","og_title":"au sujet de mountivity - Mountivity","og_url":"https:\/\/mountivity.com\/fr\/over-mountivity\/","og_site_name":"Mountivity","article_modified_time":"2020-04-14T07:56:34+00:00","twitter_card":"summary_large_image","twitter_misc":{"Dur\u00e9e de lecture est.":"9 minutes"},"schema":{"@context":"https:\/\/schema.org","@graph":[{"@type":"WebPage","@id":"https:\/\/mountivity.com\/fr\/over-mountivity\/","url":"https:\/\/mountivity.com\/fr\/over-mountivity\/","name":"au sujet de mountivity - Mountivity","isPartOf":{"@id":"https:\/\/mountivity.com\/fr\/#website"},"datePublished":"2019-09-27T07:58:23+00:00","dateModified":"2020-04-14T07:56:34+00:00","breadcrumb":{"@id":"https:\/\/mountivity.com\/fr\/over-mountivity\/#breadcrumb"},"inLanguage":"fr-BE","potentialAction":[{"@type":"ReadAction","target":["https:\/\/mountivity.com\/fr\/over-mountivity\/"]}]},{"@type":"BreadcrumbList","@id":"https:\/\/mountivity.com\/fr\/over-mountivity\/#breadcrumb","itemListElement":[{"@type":"ListItem","position":1,"name":"Home","item":"https:\/\/mountivity.com\/fr\/"},{"@type":"ListItem","position":2,"name":"au sujet de mountivity"}]},{"@type":"WebSite","@id":"https:\/\/mountivity.com\/fr\/#website","url":"https:\/\/mountivity.com\/fr\/","name":"Mountivity","description":"avontuurlijke vakantie frankrijk","publisher":{"@id":"https:\/\/mountivity.com\/fr\/#organization"},"potentialAction":[{"@type":"SearchAction","target":{"@type":"EntryPoint","urlTemplate":"https:\/\/mountivity.com\/fr\/?s={search_term_string}"},"query-input":{"@type":"PropertyValueSpecification","valueRequired":true,"valueName":"search_term_string"}}],"inLanguage":"fr-BE"},{"@type":"Organization","@id":"https:\/\/mountivity.com\/fr\/#organization","name":"mountivity","url":"https:\/\/mountivity.com\/fr\/","logo":{"@type":"ImageObject","inLanguage":"fr-BE","@id":"https:\/\/mountivity.com\/fr\/#\/schema\/logo\/image\/","url":"https:\/\/mountivity.com\/wp-content\/uploads\/2019\/01\/logo-mountivity210.png","contentUrl":"https:\/\/mountivity.com\/wp-content\/uploads\/2019\/01\/logo-mountivity210.png","width":210,"height":124,"caption":"mountivity"},"image":{"@id":"https:\/\/mountivity.com\/fr\/#\/schema\/logo\/image\/"}}]}},"_links":{"self":[{"href":"https:\/\/mountivity.com\/fr\/wp-json\/wp\/v2\/pages\/1109","targetHints":{"allow":["GET"]}}],"collection":[{"href":"https:\/\/mountivity.com\/fr\/wp-json\/wp\/v2\/pages"}],"about":[{"href":"https:\/\/mountivity.com\/fr\/wp-json\/wp\/v2\/types\/page"}],"author":[{"embeddable":true,"href":"https:\/\/mountivity.com\/fr\/wp-json\/wp\/v2\/users\/4"}],"replies":[{"embeddable":true,"href":"https:\/\/mountivity.com\/fr\/wp-json\/wp\/v2\/comments?post=1109"}],"version-history":[{"count":12,"href":"https:\/\/mountivity.com\/fr\/wp-json\/wp\/v2\/pages\/1109\/revisions"}],"predecessor-version":[{"id":1985,"href":"https:\/\/mountivity.com\/fr\/wp-json\/wp\/v2\/pages\/1109\/revisions\/1985"}],"wp:attachment":[{"href":"https:\/\/mountivity.com\/fr\/wp-json\/wp\/v2\/media?parent=1109"}],"curies":[{"name":"wp","href":"https:\/\/api.w.org\/{rel}","templated":true}]}}