{"id":889,"date":"2019-09-27T07:23:38","date_gmt":"2019-09-27T07:23:38","guid":{"rendered":"https:\/\/mountivity.com\/?page_id=889"},"modified":"2022-02-02T11:06:36","modified_gmt":"2022-02-02T11:06:36","slug":"langlaufen","status":"publish","type":"page","link":"https:\/\/mountivity.com\/fr\/activites\/langlaufen\/","title":{"rendered":"Ski Nordique"},"content":{"rendered":"<p><div class=\"fusion-fullwidth fullwidth-box fusion-builder-row-1 nonhundred-percent-fullwidth non-hundred-percent-height-scrolling\" style=\"--awb-border-radius-top-left:0px;--awb-border-radius-top-right:0px;--awb-border-radius-bottom-right:0px;--awb-border-radius-bottom-left:0px;--awb-flex-wrap:wrap;\" ><div class=\"fusion-builder-row fusion-row\"><div class=\"fusion-layout-column fusion_builder_column fusion-builder-column-0 fusion_builder_column_1_1 1_1 fusion-one-full fusion-column-first fusion-column-last\" style=\"--awb-bg-size:cover;\"><div class=\"fusion-column-wrapper fusion-flex-column-wrapper-legacy\"><div class=\"fusion-text fusion-text-1\"><h1 style=\"text-align: center;\">Ski Nordique<\/h1>\n<\/div><div class=\"fusion-clearfix\"><\/div><\/div><\/div><\/div><\/div><div class=\"fusion-fullwidth fullwidth-box fusion-builder-row-2 nonhundred-percent-fullwidth non-hundred-percent-height-scrolling\" style=\"--awb-border-radius-top-left:0px;--awb-border-radius-top-right:0px;--awb-border-radius-bottom-right:0px;--awb-border-radius-bottom-left:0px;--awb-flex-wrap:wrap;\" ><div class=\"fusion-builder-row fusion-row\"><div class=\"fusion-layout-column fusion_builder_column fusion-builder-column-1 fusion_builder_column_1_1 1_1 fusion-one-full fusion-column-first fusion-column-last\" style=\"--awb-bg-size:cover;\"><div class=\"fusion-column-wrapper fusion-flex-column-wrapper-legacy\"><div class=\"fusion-text fusion-text-2\"><p style=\"text-align: center;\">Notre vall\u00e9e h\u00e9berge son propre domaine nordique. Vous glissez dans le paysage et profitez pleinement de la nature. Le chalet se situe \u00e0 deux pas des pistes. Location possible au village.<\/p>\n<\/div><div class=\"fusion-sep-clear\"><\/div><div class=\"fusion-separator fusion-full-width-sep\" style=\"margin-left: auto;margin-right: auto;margin-top:20px;width:100%;\"><\/div><div class=\"fusion-sep-clear\"><\/div><div class=\"fusion-aligncenter\"><a class=\"fusion-button button-flat fusion-button-default-size button-default fusion-button-default button-1 fusion-button-default-span fusion-button-default-type\" target=\"_self\" href=\"http:\/\/mountivity.com\/fr\/activites\/\"><span class=\"fusion-button-text\">Voir toutes les activit\u00e9s<\/span><\/a><\/div><div class=\"fusion-sep-clear\"><\/div><div class=\"fusion-separator fusion-full-width-sep\" style=\"margin-left: auto;margin-right: auto;margin-top:20px;width:100%;\"><\/div><div class=\"fusion-sep-clear\"><\/div><div class=\"fusion-clearfix\"><\/div><\/div><\/div><\/div><\/div><div class=\"fusion-fullwidth fullwidth-box fusion-builder-row-3 nonhundred-percent-fullwidth non-hundred-percent-height-scrolling\" style=\"--awb-border-radius-top-left:0px;--awb-border-radius-top-right:0px;--awb-border-radius-bottom-right:0px;--awb-border-radius-bottom-left:0px;--awb-flex-wrap:wrap;\" ><div class=\"fusion-builder-row fusion-row\"><div class=\"fusion-layout-column fusion_builder_column fusion-builder-column-2 fusion_builder_column_1_1 1_1 fusion-one-full fusion-column-first fusion-column-last\" style=\"--awb-bg-size:cover;\"><div class=\"fusion-column-wrapper fusion-flex-column-wrapper-legacy\"><div class=\"awb-gallery-wrapper awb-gallery-wrapper-1 button-span-no\"><div style=\"margin:-5px;--awb-bordersize:0px;\" class=\"fusion-gallery fusion-gallery-container fusion-grid-3 fusion-columns-total-9 fusion-gallery-layout-grid fusion-gallery-1\"><div style=\"padding:5px;\" class=\"fusion-grid-column fusion-gallery-column fusion-gallery-column-3 hover-type-zoomin\"><div class=\"fusion-gallery-image\"><img decoding=\"async\" src=\"https:\/\/mountivity.com\/wp-content\/uploads\/2022\/02\/IMG-20201227-WA0027-460x295.jpg\" width=\"460\" height=\"295\" alt=\"\" title=\"IMG-20201227-WA0027\" aria-label=\"IMG-20201227-WA0027\" class=\"img-responsive wp-image-2596 fusion-gallery-image-size-fixed\"  \/><\/div><\/div><div style=\"padding:5px;\" class=\"fusion-grid-column fusion-gallery-column fusion-gallery-column-3 hover-type-zoomin\"><div class=\"fusion-gallery-image\"><img decoding=\"async\" src=\"https:\/\/mountivity.com\/wp-content\/uploads\/2022\/02\/IMG-20201229-WA0010-460x295.jpg\" width=\"460\" height=\"295\" alt=\"\" title=\"IMG-20201229-WA0010\" aria-label=\"IMG-20201229-WA0010\" class=\"img-responsive wp-image-2624 fusion-gallery-image-size-fixed\"  \/><\/div><\/div><div style=\"padding:5px;\" class=\"fusion-grid-column fusion-gallery-column fusion-gallery-column-3 hover-type-zoomin\"><div class=\"fusion-gallery-image\"><img decoding=\"async\" src=\"https:\/\/mountivity.com\/wp-content\/uploads\/2022\/02\/IMG-20201227-WA0002-460x295.jpg\" width=\"460\" height=\"295\" alt=\"\" title=\"IMG-20201227-WA0002\" aria-label=\"IMG-20201227-WA0002\" class=\"img-responsive wp-image-2576 fusion-gallery-image-size-fixed\"  \/><\/div><\/div><div class=\"clearfix\"><\/div><div style=\"padding:5px;\" class=\"fusion-grid-column fusion-gallery-column fusion-gallery-column-3 hover-type-zoomin\"><div class=\"fusion-gallery-image\"><img decoding=\"async\" src=\"https:\/\/mountivity.com\/wp-content\/uploads\/2021\/02\/langlaufen-5-460x295.jpg\" width=\"460\" height=\"295\" alt=\"\" title=\"langlaufen 5\" aria-label=\"langlaufen 5\" class=\"img-responsive wp-image-2198 fusion-gallery-image-size-fixed\"  \/><\/div><\/div><div style=\"padding:5px;\" class=\"fusion-grid-column fusion-gallery-column fusion-gallery-column-3 hover-type-zoomin\"><div class=\"fusion-gallery-image\"><img decoding=\"async\" src=\"https:\/\/mountivity.com\/wp-content\/uploads\/2022\/02\/IMG-20201229-WA0002-460x295.jpg\" width=\"460\" height=\"295\" alt=\"\" title=\"IMG-20201229-WA0002\" aria-label=\"IMG-20201229-WA0002\" class=\"img-responsive wp-image-2620 fusion-gallery-image-size-fixed\"  \/><\/div><\/div><div style=\"padding:5px;\" class=\"fusion-grid-column fusion-gallery-column fusion-gallery-column-3 hover-type-zoomin\"><div class=\"fusion-gallery-image\"><img decoding=\"async\" src=\"https:\/\/mountivity.com\/wp-content\/uploads\/2022\/02\/IMG-20201227-WA0019-460x295.jpg\" width=\"460\" height=\"295\" alt=\"\" title=\"IMG-20201227-WA0019\" aria-label=\"IMG-20201227-WA0019\" class=\"img-responsive wp-image-2592 fusion-gallery-image-size-fixed\"  \/><\/div><\/div><div class=\"clearfix\"><\/div><div style=\"padding:5px;\" class=\"fusion-grid-column fusion-gallery-column fusion-gallery-column-3 hover-type-zoomin\"><div class=\"fusion-gallery-image\"><img decoding=\"async\" src=\"https:\/\/mountivity.com\/wp-content\/uploads\/2022\/02\/IMG-20201225-WA0001-460x295.jpg\" width=\"460\" height=\"295\" alt=\"\" title=\"IMG-20201225-WA0001\" aria-label=\"IMG-20201225-WA0001\" class=\"img-responsive wp-image-2556 fusion-gallery-image-size-fixed\"  \/><\/div><\/div><div style=\"padding:5px;\" class=\"fusion-grid-column fusion-gallery-column fusion-gallery-column-3 hover-type-zoomin\"><div class=\"fusion-gallery-image\"><img decoding=\"async\" src=\"https:\/\/mountivity.com\/wp-content\/uploads\/2021\/02\/langlaufen-2-460x295.jpg\" width=\"460\" height=\"295\" alt=\"\" title=\"langlaufen 2\" aria-label=\"langlaufen 2\" class=\"img-responsive wp-image-2186 fusion-gallery-image-size-fixed\"  \/><\/div><\/div><div style=\"padding:5px;\" class=\"fusion-grid-column fusion-gallery-column fusion-gallery-column-3 hover-type-zoomin\"><div class=\"fusion-gallery-image\"><img decoding=\"async\" src=\"https:\/\/mountivity.com\/wp-content\/uploads\/2021\/02\/langlaufen-3-460x295.jpg\" width=\"460\" height=\"295\" alt=\"\" title=\"langlaufen 3\" aria-label=\"langlaufen 3\" class=\"img-responsive wp-image-2190 fusion-gallery-image-size-fixed\"  \/><\/div><\/div><div class=\"clearfix\"><\/div><\/div><\/div><div class=\"fusion-clearfix\"><\/div><\/div><\/div><\/div><\/div><\/p>\n","protected":false},"excerpt":{"rendered":"","protected":false},"author":4,"featured_media":0,"parent":875,"menu_order":0,"comment_status":"closed","ping_status":"closed","template":"","meta":{"_acf_changed":false,"footnotes":""},"class_list":["post-889","page","type-page","status-publish","hentry"],"acf":[],"yoast_head":"<!-- This site is optimized with the Yoast SEO plugin v25.5 - https:\/\/yoast.com\/wordpress\/plugins\/seo\/ -->\n<title>Ski Nordique - Mountivity<\/title>\n<meta name=\"robots\" content=\"index, follow, max-snippet:-1, max-image-preview:large, max-video-preview:-1\" \/>\n<link rel=\"canonical\" href=\"https:\/\/mountivity.com\/fr\/activites\/langlaufen\/\" \/>\n<meta property=\"og:locale\" content=\"fr_FR\" \/>\n<meta property=\"og:type\" content=\"article\" \/>\n<meta property=\"og:title\" content=\"Ski Nordique - Mountivity\" \/>\n<meta property=\"og:url\" content=\"https:\/\/mountivity.com\/fr\/activites\/langlaufen\/\" \/>\n<meta property=\"og:site_name\" content=\"Mountivity\" \/>\n<meta property=\"article:modified_time\" content=\"2022-02-02T11:06:36+00:00\" \/>\n<meta name=\"twitter:card\" content=\"summary_large_image\" \/>\n<meta name=\"twitter:label1\" content=\"Dur\u00e9e de lecture est.\" \/>\n\t<meta name=\"twitter:data1\" content=\"5 minutes\" \/>\n<script type=\"application\/ld+json\" class=\"yoast-schema-graph\">{\"@context\":\"https:\/\/schema.org\",\"@graph\":[{\"@type\":\"WebPage\",\"@id\":\"https:\/\/mountivity.com\/fr\/activites\/langlaufen\/\",\"url\":\"https:\/\/mountivity.com\/fr\/activites\/langlaufen\/\",\"name\":\"Ski Nordique - Mountivity\",\"isPartOf\":{\"@id\":\"https:\/\/mountivity.com\/fr\/#website\"},\"datePublished\":\"2019-09-27T07:23:38+00:00\",\"dateModified\":\"2022-02-02T11:06:36+00:00\",\"breadcrumb\":{\"@id\":\"https:\/\/mountivity.com\/fr\/activites\/langlaufen\/#breadcrumb\"},\"inLanguage\":\"fr-BE\",\"potentialAction\":[{\"@type\":\"ReadAction\",\"target\":[\"https:\/\/mountivity.com\/fr\/activites\/langlaufen\/\"]}]},{\"@type\":\"BreadcrumbList\",\"@id\":\"https:\/\/mountivity.com\/fr\/activites\/langlaufen\/#breadcrumb\",\"itemListElement\":[{\"@type\":\"ListItem\",\"position\":1,\"name\":\"Home\",\"item\":\"https:\/\/mountivity.com\/fr\/\"},{\"@type\":\"ListItem\",\"position\":2,\"name\":\"Activites\",\"item\":\"https:\/\/mountivity.com\/fr\/activites\/\"},{\"@type\":\"ListItem\",\"position\":3,\"name\":\"Ski Nordique\"}]},{\"@type\":\"WebSite\",\"@id\":\"https:\/\/mountivity.com\/fr\/#website\",\"url\":\"https:\/\/mountivity.com\/fr\/\",\"name\":\"Mountivity\",\"description\":\"avontuurlijke vakantie frankrijk\",\"publisher\":{\"@id\":\"https:\/\/mountivity.com\/fr\/#organization\"},\"potentialAction\":[{\"@type\":\"SearchAction\",\"target\":{\"@type\":\"EntryPoint\",\"urlTemplate\":\"https:\/\/mountivity.com\/fr\/?s={search_term_string}\"},\"query-input\":{\"@type\":\"PropertyValueSpecification\",\"valueRequired\":true,\"valueName\":\"search_term_string\"}}],\"inLanguage\":\"fr-BE\"},{\"@type\":\"Organization\",\"@id\":\"https:\/\/mountivity.com\/fr\/#organization\",\"name\":\"mountivity\",\"url\":\"https:\/\/mountivity.com\/fr\/\",\"logo\":{\"@type\":\"ImageObject\",\"inLanguage\":\"fr-BE\",\"@id\":\"https:\/\/mountivity.com\/fr\/#\/schema\/logo\/image\/\",\"url\":\"https:\/\/mountivity.com\/wp-content\/uploads\/2019\/01\/logo-mountivity210.png\",\"contentUrl\":\"https:\/\/mountivity.com\/wp-content\/uploads\/2019\/01\/logo-mountivity210.png\",\"width\":210,\"height\":124,\"caption\":\"mountivity\"},\"image\":{\"@id\":\"https:\/\/mountivity.com\/fr\/#\/schema\/logo\/image\/\"}}]}<\/script>\n<!-- \/ Yoast SEO plugin. -->","yoast_head_json":{"title":"Ski Nordique - Mountivity","robots":{"index":"index","follow":"follow","max-snippet":"max-snippet:-1","max-image-preview":"max-image-preview:large","max-video-preview":"max-video-preview:-1"},"canonical":"https:\/\/mountivity.com\/fr\/activites\/langlaufen\/","og_locale":"fr_FR","og_type":"article","og_title":"Ski Nordique - Mountivity","og_url":"https:\/\/mountivity.com\/fr\/activites\/langlaufen\/","og_site_name":"Mountivity","article_modified_time":"2022-02-02T11:06:36+00:00","twitter_card":"summary_large_image","twitter_misc":{"Dur\u00e9e de lecture est.":"5 minutes"},"schema":{"@context":"https:\/\/schema.org","@graph":[{"@type":"WebPage","@id":"https:\/\/mountivity.com\/fr\/activites\/langlaufen\/","url":"https:\/\/mountivity.com\/fr\/activites\/langlaufen\/","name":"Ski Nordique - Mountivity","isPartOf":{"@id":"https:\/\/mountivity.com\/fr\/#website"},"datePublished":"2019-09-27T07:23:38+00:00","dateModified":"2022-02-02T11:06:36+00:00","breadcrumb":{"@id":"https:\/\/mountivity.com\/fr\/activites\/langlaufen\/#breadcrumb"},"inLanguage":"fr-BE","potentialAction":[{"@type":"ReadAction","target":["https:\/\/mountivity.com\/fr\/activites\/langlaufen\/"]}]},{"@type":"BreadcrumbList","@id":"https:\/\/mountivity.com\/fr\/activites\/langlaufen\/#breadcrumb","itemListElement":[{"@type":"ListItem","position":1,"name":"Home","item":"https:\/\/mountivity.com\/fr\/"},{"@type":"ListItem","position":2,"name":"Activites","item":"https:\/\/mountivity.com\/fr\/activites\/"},{"@type":"ListItem","position":3,"name":"Ski Nordique"}]},{"@type":"WebSite","@id":"https:\/\/mountivity.com\/fr\/#website","url":"https:\/\/mountivity.com\/fr\/","name":"Mountivity","description":"avontuurlijke vakantie frankrijk","publisher":{"@id":"https:\/\/mountivity.com\/fr\/#organization"},"potentialAction":[{"@type":"SearchAction","target":{"@type":"EntryPoint","urlTemplate":"https:\/\/mountivity.com\/fr\/?s={search_term_string}"},"query-input":{"@type":"PropertyValueSpecification","valueRequired":true,"valueName":"search_term_string"}}],"inLanguage":"fr-BE"},{"@type":"Organization","@id":"https:\/\/mountivity.com\/fr\/#organization","name":"mountivity","url":"https:\/\/mountivity.com\/fr\/","logo":{"@type":"ImageObject","inLanguage":"fr-BE","@id":"https:\/\/mountivity.com\/fr\/#\/schema\/logo\/image\/","url":"https:\/\/mountivity.com\/wp-content\/uploads\/2019\/01\/logo-mountivity210.png","contentUrl":"https:\/\/mountivity.com\/wp-content\/uploads\/2019\/01\/logo-mountivity210.png","width":210,"height":124,"caption":"mountivity"},"image":{"@id":"https:\/\/mountivity.com\/fr\/#\/schema\/logo\/image\/"}}]}},"_links":{"self":[{"href":"https:\/\/mountivity.com\/fr\/wp-json\/wp\/v2\/pages\/889","targetHints":{"allow":["GET"]}}],"collection":[{"href":"https:\/\/mountivity.com\/fr\/wp-json\/wp\/v2\/pages"}],"about":[{"href":"https:\/\/mountivity.com\/fr\/wp-json\/wp\/v2\/types\/page"}],"author":[{"embeddable":true,"href":"https:\/\/mountivity.com\/fr\/wp-json\/wp\/v2\/users\/4"}],"replies":[{"embeddable":true,"href":"https:\/\/mountivity.com\/fr\/wp-json\/wp\/v2\/comments?post=889"}],"version-history":[{"count":8,"href":"https:\/\/mountivity.com\/fr\/wp-json\/wp\/v2\/pages\/889\/revisions"}],"predecessor-version":[{"id":2706,"href":"https:\/\/mountivity.com\/fr\/wp-json\/wp\/v2\/pages\/889\/revisions\/2706"}],"up":[{"embeddable":true,"href":"https:\/\/mountivity.com\/fr\/wp-json\/wp\/v2\/pages\/875"}],"wp:attachment":[{"href":"https:\/\/mountivity.com\/fr\/wp-json\/wp\/v2\/media?parent=889"}],"curies":[{"name":"wp","href":"https:\/\/api.w.org\/{rel}","templated":true}]}}